{"id":1116,"date":"2025-12-11T15:57:19","date_gmt":"2025-12-11T14:57:19","guid":{"rendered":"https:\/\/www.tcofincas.com\/?page_id=1116"},"modified":"2025-12-16T09:47:28","modified_gmt":"2025-12-16T08:47:28","slug":"gestion-de-impagos-de-comunidades-de-propietarios-alicante","status":"publish","type":"page","link":"https:\/\/www.tcofincas.com\/fr\/gestion-des-impayes-des-communautes-de-proprietaires-alicante\/","title":{"rendered":"Gestion des impay\u00e9s des associations de propri\u00e9taires \u00e0 Alicante"},"content":{"rendered":"<h1>Que faire si un voisin ne paie pas ses frais de communaut\u00e9 ?<\/h1>\n<p>Les impay\u00e9s dans une communaut\u00e9 de propri\u00e9taires ne sont pas qu'une question de chiffres, c'est un risque qui affecte la stabilit\u00e9 financi\u00e8re de l'immeuble et l'harmonie entre les voisins. Un seul d\u00e9faut de paiement peut sembler insignifiant, mais lorsque les dettes s'accumulent, l'entretien, les r\u00e9parations et les services de base sont compromis. Dans des r\u00e9gions comme Alicante, o\u00f9 de nombreuses propri\u00e9t\u00e9s disposent d'installations communes et o\u00f9 la rotation des propri\u00e9taires est \u00e9lev\u00e9e, le contr\u00f4le des paiements devient une priorit\u00e9.<\/p>\n<p>Agir rapidement et dans le cadre l\u00e9gal est essentiel pour \u00e9viter que la dette ne s'accroisse et ne devienne un conflit chronique. Avoir un administrateur qui conna\u00eet les proc\u00e9dures l\u00e9gales et qui sait comment faire de la m\u00e9diation dans ces cas-l\u00e0 est la meilleure d\u00e9fense contre les impay\u00e9s.<\/p>\n<h2>Comment g\u00e9rer les cas de non-paiement au sein de la communaut\u00e9 ?<\/h2>\n<p>La premi\u00e8re \u00e9tape doit toujours \u00eatre une tentative amicale : parle au propri\u00e9taire, informe-le du non-paiement et propose-lui de r\u00e9gulariser la situation. Il s'agit parfois d'un simple oubli ou d'une difficult\u00e9 ponctuelle qui peut \u00eatre r\u00e9solue par un accord de paiement.<\/p>\n<p>S'il n'y a pas de r\u00e9ponse, la communaut\u00e9 doit suivre la proc\u00e9dure pr\u00e9vue par la loi sur la propri\u00e9t\u00e9 horizontale. Ce protocole fournit des outils juridiques pour r\u00e9clamer la dette sans qu'il soit initialement n\u00e9cessaire d'aller jusqu'\u00e0 un proc\u00e8s complexe. La proc\u00e9dure d'injonction de payer est le moyen le plus direct et le plus efficace.<\/p>\n<h3>\u00c9tapes de la proc\u00e9dure de plainte<\/h3>\n<ul>\n<li><b>Certification de la dette<\/b>L'administrateur d\u00e9livre un certificat indiquant le montant d\u00fb, sign\u00e9 par le secr\u00e9taire et contresign\u00e9 par le pr\u00e9sident.<\/li>\n<li><b>Accord lors d'une r\u00e9union<\/b>L'action en justice pour d\u00e9faut de paiement est approuv\u00e9e lors d'une assembl\u00e9e des propri\u00e9taires, en inscrivant ce point \u00e0 l'ordre du jour.<\/li>\n<li><b>Proc\u00e8s<\/b>La proc\u00e9dure d'injonction de payer, qui ne n\u00e9cessite pas l'intervention d'un avocat ou d'un avou\u00e9 pour les montants inf\u00e9rieurs \u00e0 2 000 euros, est engag\u00e9e.<\/li>\n<\/ul>\n<h2>Quelles sont les cons\u00e9quences d'un d\u00e9faut de paiement ?<\/h2>\n<p>Un voisin qui ne paie pas ses charges perd certains droits : il ne peut pas voter aux assembl\u00e9es et s'expose \u00e0 des majorations, des int\u00e9r\u00eats, voire \u00e0 la saisie de son logement ou de son bien s'il ne r\u00e9pond pas \u00e0 la demande judiciaire. De plus, le reste des voisins se retrouve \u00e0 assumer indirectement leur part des d\u00e9penses communes.<\/p>\n<p>\u00c0 Alicante, o\u00f9 certaines propri\u00e9t\u00e9s sont lou\u00e9es ou sont des r\u00e9sidences secondaires, la gestion de ces cas n\u00e9cessite une rigueur juridique et une coh\u00e9rence dans la communication. Il est essentiel d'envoyer des notifications fiables et de ne pas laisser la dette s'accumuler sans r\u00e9ponse.<\/p>\n<h2>Peut-on \u00e9viter un proc\u00e8s ?<\/h2>\n<p>L'action en justice doit toujours \u00eatre la derni\u00e8re option. Dans de nombreux cas, une conversation directe ou une proposition de paiement diff\u00e9r\u00e9 peut r\u00e9soudre le probl\u00e8me sans qu'un conflit ne soit n\u00e9cessaire. L'administrateur joue ici un r\u00f4le cl\u00e9 en tant qu'interm\u00e9diaire, \u00e9vitant que l'affaire ne devienne une confrontation personnelle entre voisins.<\/p>\n<p>Cependant, si le d\u00e9biteur persiste dans son refus ou dispara\u00eet sans laisser de traces, la collectivit\u00e9 ne doit pas h\u00e9siter \u00e0 activer la proc\u00e9dure judiciaire. La proc\u00e9dure d'injonction de payer est rapide, efficace et permet de recouvrer la cr\u00e9ance avec l'aval de la justice.<\/p>\n<h2>Conseils pour pr\u00e9venir les impay\u00e9s dans la communaut\u00e9<\/h2>\n<p>La pr\u00e9vention commence par une gestion claire et transparente. Tenir les voisins inform\u00e9s, envoyer des rappels de paiement et agir rapidement d\u00e8s le premier impay\u00e9 permet de cr\u00e9er une culture de responsabilit\u00e9 partag\u00e9e.<\/p>\n<p>Le fait d'avoir un administrateur professionnel, comme ceux g\u00e9r\u00e9s par TCO Fincas, garantit que le contr\u00f4le financier de la communaut\u00e9 est entre des mains expertes. De cette fa\u00e7on, les voisins peuvent vivre l'esprit tranquille en sachant que, si quelqu'un manque \u00e0 ses obligations, il y aura un plan d'action clair, sans retard ni conflit inutile.<\/p>","protected":false},"excerpt":{"rendered":"<p>\u00bfQu\u00e9 hacer si un vecino no paga su cuota de comunidad? La morosidad en una comunidad de propietarios no es solo una cuesti\u00f3n de n\u00fameros; es un riesgo que afecta la estabilidad financiera del edificio y la armon\u00eda entre vecinos. Un solo impago puede parecer insignificante, pero cuando se acumulan deudas, el mantenimiento, las reparaciones [&hellip;]<\/p>","protected":false},"author":1,"featured_media":0,"parent":0,"menu_order":0,"comment_status":"closed","ping_status":"closed","template":"","meta":{"site-sidebar-layout":"default","site-content-layout":"","ast-site-content-layout":"default","site-content-style":"default","site-sidebar-style":"default","ast-global-header-display":"","ast-banner-title-visibility":"","ast-main-header-display":"","ast-hfb-above-header-display":"","ast-hfb-below-header-display":"","ast-hfb-mobile-header-display":"","site-post-title":"","ast-breadcrumbs-content":"","ast-featured-img":"","footer-sml-layout":"","theme-transparent-header-meta":"default","adv-header-id-meta":"","stick-header-meta":"","header-above-stick-meta":"","header-main-stick-meta":"","header-below-stick-meta":"","astra-migrate-meta-layouts":"set","ast-page-background-enabled":"default","ast-page-background-meta":{"desktop":{"background-color":"var(--ast-global-color-4)","background-image":"","background-repeat":"repeat","background-position":"center center","background-size":"auto","background-attachment":"scroll","background-type":"","background-media":"","overlay-type":"","overlay-color":"","overlay-gradient":""},"tablet":{"background-color":"","background-image":"","background-repeat":"repeat","background-position":"center center","background-size":"auto","background-attachment":"scroll","background-type":"","background-media":"","overlay-type":"","overlay-color":"","overlay-gradient":""},"mobile":{"background-color":"","background-image":"","background-repeat":"repeat","background-position":"center center","background-size":"auto","background-attachment":"scroll","background-type":"","background-media":"","overlay-type":"","overlay-color":"","overlay-gradient":""}},"ast-content-background-meta":{"desktop":{"background-color":"var(--ast-global-color-5)","background-image":"","background-repeat":"repeat","background-position":"center center","background-size":"auto","background-attachment":"scroll","background-type":"","background-media":"","overlay-type":"","overlay-color":"","overlay-gradient":""},"tablet":{"background-color":"var(--ast-global-color-5)","background-image":"","background-repeat":"repeat","background-position":"center center","background-size":"auto","background-attachment":"scroll","background-type":"","background-media":"","overlay-type":"","overlay-color":"","overlay-gradient":""},"mobile":{"background-color":"var(--ast-global-color-5)","background-image":"","background-repeat":"repeat","background-position":"center center","background-size":"auto","background-attachment":"scroll","background-type":"","background-media":"","overlay-type":"","overlay-color":"","overlay-gradient":""}},"footnotes":""},"class_list":["post-1116","page","type-page","status-publish","hentry"],"_links":{"self":[{"href":"https:\/\/www.tcofincas.com\/fr\/wp-json\/wp\/v2\/pages\/1116","targetHints":{"allow":["GET"]}}],"collection":[{"href":"https:\/\/www.tcofincas.com\/fr\/wp-json\/wp\/v2\/pages"}],"about":[{"href":"https:\/\/www.tcofincas.com\/fr\/wp-json\/wp\/v2\/types\/page"}],"author":[{"embeddable":true,"href":"https:\/\/www.tcofincas.com\/fr\/wp-json\/wp\/v2\/users\/1"}],"replies":[{"embeddable":true,"href":"https:\/\/www.tcofincas.com\/fr\/wp-json\/wp\/v2\/comments?post=1116"}],"version-history":[{"count":3,"href":"https:\/\/www.tcofincas.com\/fr\/wp-json\/wp\/v2\/pages\/1116\/revisions"}],"predecessor-version":[{"id":1138,"href":"https:\/\/www.tcofincas.com\/fr\/wp-json\/wp\/v2\/pages\/1116\/revisions\/1138"}],"wp:attachment":[{"href":"https:\/\/www.tcofincas.com\/fr\/wp-json\/wp\/v2\/media?parent=1116"}],"curies":[{"name":"wp","href":"https:\/\/api.w.org\/{rel}","templated":true}]}}