{"id":1127,"date":"2025-12-15T12:18:23","date_gmt":"2025-12-15T11:18:23","guid":{"rendered":"https:\/\/www.tcofincas.com\/?page_id=1127"},"modified":"2025-12-16T12:58:54","modified_gmt":"2025-12-16T11:58:54","slug":"seguros-de-comunidad-de-propietarios-alicante","status":"publish","type":"page","link":"https:\/\/www.tcofincas.com\/fr\/communaute-dassurance-des-proprietaires-alicante\/","title":{"rendered":"Communaut\u00e9 d'assurance des propri\u00e9taires \u00e0 Alicante | TCO Administraci\u00f3n de fincas"},"content":{"rendered":"<h1>Assurance pour les associations de propri\u00e9taires \u00e0 Alicante<\/h1>\n<p>Les communaut\u00e9s de propri\u00e9taires, comme toute entit\u00e9 collective, sont expos\u00e9es \u00e0 des impr\u00e9vus aussi banals que co\u00fbteux : un tuyau de descente cass\u00e9, un incendie dans le garage, des fuites dans la toiture ou une chute dans le hall d'entr\u00e9e. Face \u00e0 cette r\u00e9alit\u00e9, l'assurance de l'association des propri\u00e9taires n'est plus une option mais un bouclier indispensable. Dans une ville comme Alicante, o\u00f9 la douceur du climat ne dispense pas des risques structurels ou des accidents fortuits, avoir la bonne police peut faire la diff\u00e9rence entre une r\u00e9solution rapide et un conflit de voisinage durable.<\/p>\n<p>Au-del\u00e0 de l'obligation l\u00e9gale -courante dans de nombreuses communaut\u00e9s autonomes-, souscrire une assurance communautaire ad\u00e9quate signifie prot\u00e9ger non seulement les biens physiques du b\u00e2timent, mais aussi la tranquillit\u00e9 d'esprit de ses propri\u00e9taires. Une couverture sp\u00e9cifique, une assistance 24 heures sur 24 et des conseils techniques deviennent des alli\u00e9s silencieux en cas d'impr\u00e9vu.<\/p>\n<h2>Que couvre l'assurance de l'association des propri\u00e9taires ?<\/h2>\n<p>La r\u00e9ponse d\u00e9pend du type de police souscrite. Il existe des assurances de base qui ne couvrent que les incendies ou les dommages structurels, et d'autres qui sont plus compl\u00e8tes et comprennent tout, de la responsabilit\u00e9 civile aux dommages esth\u00e9tiques, en passant par le vandalisme ou l'assistance juridique. L'essentiel est d'adapter l'assurance aux caract\u00e9ristiques r\u00e9elles du b\u00e2timent : son \u00e2ge, ses installations, son emplacement et le type de propri\u00e9taires (r\u00e9sidentiel, touristique ou mixte).<\/p>\n<p>\u00c0 Alicante, o\u00f9 de nombreuses propri\u00e9t\u00e9s disposent de piscines communes, d'ascenseurs ou de garages, il est conseill\u00e9 d'opter pour des polices compl\u00e8tes qui couvrent ces \u00e9l\u00e9ments. De m\u00eame, s'il y a du personnel embauch\u00e9 - portiers, jardiniers ou nettoyeurs - l'inclusion d'une assurance travail ou accident du travail est essentielle.<\/p>\n<h3>Les garanties courantes de ce type d'assurance<\/h3>\n<ul>\n<li><b>Dommages mat\u00e9riels<\/b>par le feu, l'explosion, la foudre, l'eau, les ph\u00e9nom\u00e8nes m\u00e9t\u00e9orologiques ou les actes de vandalisme.<\/li>\n<li><b>Responsabilit\u00e9<\/b>Dommages aux parties communes ou au mauvais \u00e9tat des \u00e9l\u00e9ments de structure : contre les tiers pour les dommages caus\u00e9s dans les parties communes ou dus au mauvais \u00e9tat des \u00e9l\u00e9ments de structure.<\/li>\n<li><b>D\u00e9fense juridique<\/b>des conseils juridiques et une repr\u00e9sentation en cas de litiges li\u00e9s \u00e0 la communaut\u00e9.<\/li>\n<li><b>Assistance technique<\/b>Des services d'urgence 24 heures sur 24 pour les incidents critiques tels que les fuites, les pannes \u00e9lectriques ou les casses.<\/li>\n<\/ul>\n<h2>Est-il obligatoire de souscrire une assurance europ\u00e9enne ?<\/h2>\n<p>Dans la communaut\u00e9 valencienne, il n'existe pas de r\u00e9glementation autonome qui impose sa contractualisation, contrairement \u00e0 ce qui se passe \u00e0 Madrid ou au Pays basque. Cependant, la loi horizontale sur les biens envisage la responsabilit\u00e9 solidaire de la communaut\u00e9 en cas de dommages caus\u00e9s \u00e0 des tiers, ce qui fait de l'assurance un outil prudent, presque indispensable.<\/p>\n<p>En outre, de nombreuses banques l'exigent pour accorder des pr\u00eats hypoth\u00e9caires sur des propri\u00e9t\u00e9s situ\u00e9es dans des domaines non assur\u00e9s ; et dans certains cas, les compagnies d'assurance ne couvrent pas les dommages individuels si l'incident a une origine communautaire et qu'il n'y a pas de police d'assurance contract\u00e9e. Par cons\u00e9quent, au-del\u00e0 de la loi, mieux vaut pr\u00e9venir que gu\u00e9rir.<\/p>\n<h2>Avantages de souscrire une assurance communautaire avec les conseils d'un professionnel.<\/h2>\n<p>Pour choisir le bon contrat, il ne suffit pas de comparer les prix. Un conseiller sp\u00e9cialis\u00e9 analyse les risques r\u00e9els de la propri\u00e9t\u00e9, identifie les couvertures n\u00e9cessaires et adapte le contrat aux besoins exacts de chaque communaut\u00e9. Cette approche permet d'\u00e9viter \u00e0 la fois les d\u00e9passements de co\u00fbts inutiles et les insuffisances dangereuses en cas de sinistre.<\/p>\n<p>\u00c0 Alicante, o\u00f9 les particularit\u00e9s urbaines, la proximit\u00e9 de la mer et le type de propri\u00e9t\u00e9 peuvent influencer le taux d'accidents, avoir un cabinet de conseil local permet une s\u00e9lection plus pr\u00e9cise et plus efficace. En outre, le soutien apr\u00e8s la conclusion du contrat est essentiel lorsqu'il s'agit de traiter les demandes d'indemnisation, de n\u00e9gocier les compensations ou de r\u00e9soudre les divergences avec l'assureur.<\/p>\n<h3>Avantages concrets de la collaboration avec un m\u00e9diateur expert<\/h3>\n<ul>\n<li><b>R\u00e9vision p\u00e9riodique<\/b>Le contrat et la couverture, en l'adaptant aux changements de la communaut\u00e9.<\/li>\n<li><b>Gestion directe<\/b>Gestion des r\u00e9clamations, avec un suivi personnalis\u00e9 jusqu'\u00e0 ce que la r\u00e9clamation soit r\u00e9solue.<\/li>\n<li><b>Des \u00e9conomies optimis\u00e9es<\/b>en \u00e9vitant les doublons de couverture ou les clauses inutiles.<\/li>\n<li><b>Repr\u00e9sentation vis-\u00e0-vis de l'assureur<\/b>: d\u00e9fense des int\u00e9r\u00eats de la communaut\u00e9.<\/li>\n<\/ul>\n<h2>Quelles sont les erreurs \u00e0 \u00e9viter lors de la souscription d'une assurance communautaire ?<\/h2>\n<p>L'une des erreurs les plus courantes est de supposer que toutes les polices couvrent la m\u00eame chose. Certaines polices d'assurance de base laissent de c\u00f4t\u00e9 des \u00e9l\u00e9ments tels que les locaux de stockage, les fa\u00e7ades, les panneaux solaires ou les installations \u00e9lectriques courantes, ce qui peut entra\u00eener de mauvaises surprises en cas de sinistre. Une autre erreur fr\u00e9quente consiste \u00e0 sous-assurer la valeur du b\u00e2timent, ce qui r\u00e9duit proportionnellement l'indemnisation re\u00e7ue.<\/p>\n<p>Il est \u00e9galement conseill\u00e9 d'\u00e9viter les polices g\u00e9n\u00e9riques souscrites sur Internet sans conseil personnalis\u00e9. Le bon march\u00e9 peut co\u00fbter cher si les exclusions, les limites de couverture ou les d\u00e9lais de carence ne sont pas bien compris. La s\u00e9curit\u00e9 d'une communaut\u00e9 ne peut pas \u00eatre laiss\u00e9e au hasard ou au bon vouloir d'une forme num\u00e9rique.<\/p>","protected":false},"excerpt":{"rendered":"<p>Seguros para comunidades de propietarios en Alicante Las comunidades de vecinos, como cualquier entidad colectiva, est\u00e1n expuestas a imprevistos tan cotidianos como costosos: una bajante rota, un incendio en el garaje, filtraciones en la cubierta o una ca\u00edda en el portal. Frente a esta realidad, el seguro de comunidad de propietarios deja de ser una [&hellip;]<\/p>","protected":false},"author":1,"featured_media":0,"parent":0,"menu_order":0,"comment_status":"closed","ping_status":"closed","template":"","meta":{"site-sidebar-layout":"default","site-content-layout":"","ast-site-content-layout":"default","site-content-style":"default","site-sidebar-style":"default","ast-global-header-display":"","ast-banner-title-visibility":"","ast-main-header-display":"","ast-hfb-above-header-display":"","ast-hfb-below-header-display":"","ast-hfb-mobile-header-display":"","site-post-title":"","ast-breadcrumbs-content":"","ast-featured-img":"","footer-sml-layout":"","theme-transparent-header-meta":"default","adv-header-id-meta":"","stick-header-meta":"","header-above-stick-meta":"","header-main-stick-meta":"","header-below-stick-meta":"","astra-migrate-meta-layouts":"set","ast-page-background-enabled":"default","ast-page-background-meta":{"desktop":{"background-color":"var(--ast-global-color-4)","background-image":"","background-repeat":"repeat","background-position":"center center","background-size":"auto","background-attachment":"scroll","background-type":"","background-media":"","overlay-type":"","overlay-color":"","overlay-gradient":""},"tablet":{"background-color":"","background-image":"","background-repeat":"repeat","background-position":"center center","background-size":"auto","background-attachment":"scroll","background-type":"","background-media":"","overlay-type":"","overlay-color":"","overlay-gradient":""},"mobile":{"background-color":"","background-image":"","background-repeat":"repeat","background-position":"center center","background-size":"auto","background-attachment":"scroll","background-type":"","background-media":"","overlay-type":"","overlay-color":"","overlay-gradient":""}},"ast-content-background-meta":{"desktop":{"background-color":"var(--ast-global-color-5)","background-image":"","background-repeat":"repeat","background-position":"center center","background-size":"auto","background-attachment":"scroll","background-type":"","background-media":"","overlay-type":"","overlay-color":"","overlay-gradient":""},"tablet":{"background-color":"var(--ast-global-color-5)","background-image":"","background-repeat":"repeat","background-position":"center center","background-size":"auto","background-attachment":"scroll","background-type":"","background-media":"","overlay-type":"","overlay-color":"","overlay-gradient":""},"mobile":{"background-color":"var(--ast-global-color-5)","background-image":"","background-repeat":"repeat","background-position":"center center","background-size":"auto","background-attachment":"scroll","background-type":"","background-media":"","overlay-type":"","overlay-color":"","overlay-gradient":""}},"footnotes":""},"class_list":["post-1127","page","type-page","status-publish","hentry"],"_links":{"self":[{"href":"https:\/\/www.tcofincas.com\/fr\/wp-json\/wp\/v2\/pages\/1127","targetHints":{"allow":["GET"]}}],"collection":[{"href":"https:\/\/www.tcofincas.com\/fr\/wp-json\/wp\/v2\/pages"}],"about":[{"href":"https:\/\/www.tcofincas.com\/fr\/wp-json\/wp\/v2\/types\/page"}],"author":[{"embeddable":true,"href":"https:\/\/www.tcofincas.com\/fr\/wp-json\/wp\/v2\/users\/1"}],"replies":[{"embeddable":true,"href":"https:\/\/www.tcofincas.com\/fr\/wp-json\/wp\/v2\/comments?post=1127"}],"version-history":[{"count":1,"href":"https:\/\/www.tcofincas.com\/fr\/wp-json\/wp\/v2\/pages\/1127\/revisions"}],"predecessor-version":[{"id":1128,"href":"https:\/\/www.tcofincas.com\/fr\/wp-json\/wp\/v2\/pages\/1127\/revisions\/1128"}],"wp:attachment":[{"href":"https:\/\/www.tcofincas.com\/fr\/wp-json\/wp\/v2\/media?parent=1127"}],"curies":[{"name":"wp","href":"https:\/\/api.w.org\/{rel}","templated":true}]}}