{"id":20,"date":"2023-05-31T09:34:59","date_gmt":"2023-05-31T09:34:59","guid":{"rendered":"https:\/\/tcofincas.com\/?page_id=20"},"modified":"2023-06-06T06:53:01","modified_gmt":"2023-06-06T06:53:01","slug":"politica-de-cookies","status":"publish","type":"page","link":"https:\/\/www.tcofincas.com\/fr\/politique-en-matiere-de-cookies\/","title":{"rendered":"Pol\u00edtica de cookies"},"content":{"rendered":"<div data-elementor-type=\"wp-page\" data-elementor-id=\"20\" class=\"elementor elementor-20\" data-elementor-post-type=\"page\">\n\t\t\t\t\t\t<section class=\"elementor-section elementor-top-section elementor-element elementor-element-533ae15 elementor-section-boxed elementor-section-height-default elementor-section-height-default\" data-id=\"533ae15\" data-element_type=\"section\" data-settings=\"{&quot;background_background&quot;:&quot;classic&quot;}\">\n\t\t\t\t\t\t<div class=\"elementor-container elementor-column-gap-default\">\n\t\t\t\t\t<div class=\"elementor-column elementor-col-100 elementor-top-column elementor-element elementor-element-c499b81\" data-id=\"c499b81\" data-element_type=\"column\">\n\t\t\t<div class=\"elementor-widget-wrap\">\n\t\t\t\t\t\t\t<\/div>\n\t\t<\/div>\n\t\t\t\t\t<\/div>\n\t\t<\/section>\n\t\t\t\t<section class=\"elementor-section elementor-top-section elementor-element elementor-element-e42703b elementor-section-boxed elementor-section-height-default elementor-section-height-default\" data-id=\"e42703b\" data-element_type=\"section\">\n\t\t\t\t\t\t<div class=\"elementor-container elementor-column-gap-default\">\n\t\t\t\t\t<div class=\"elementor-column elementor-col-100 elementor-top-column elementor-element elementor-element-2389a04\" data-id=\"2389a04\" data-element_type=\"column\">\n\t\t\t<div class=\"elementor-widget-wrap elementor-element-populated\">\n\t\t\t\t\t\t<div class=\"elementor-element elementor-element-4a9f9b8 elementor-widget elementor-widget-text-editor\" data-id=\"4a9f9b8\" data-element_type=\"widget\" data-widget_type=\"text-editor.default\">\n\t\t\t\t<div class=\"elementor-widget-container\">\n\t\t\t\t\t\t\t\t\t<h2><strong>POLITIQUE EN MATI\u00c8RE DE COOKIES<\/strong><\/h2><p>Bienvenue au <strong>POLITIQUE EN MATI\u00c8RE DE COOKIES<\/strong> du site web de l'entit\u00e9 <strong>TCO PROPERTY MANAGEMENT<\/strong>avec num\u00e9ro d'identification fiscale <strong>47068174P<\/strong>o\u00f9 nous t'expliquerons dans un langage clair et simple toutes les questions n\u00e9cessaires pour que tu puisses les contr\u00f4ler en fonction de tes d\u00e9cisions personnelles.<\/p><h3><strong>QUE SONT LES COOKIES ET \u00c0 QUOI SERVENT-ILS ?<\/strong><\/h3><p>Un cookie est un petit fichier d'informations qui est stock\u00e9 sur ton ordinateur, ton smartphone ou ta tablette \u00e0 chaque fois que tu visites notre site Internet.<\/p><p>En principe, un cookie est inoffensif : il ne contient pas de virus, de chevaux de Troie, de vers, etc. qui pourraient endommager ton terminal, mais il a un certain impact sur ton droit \u00e0 la protection de tes donn\u00e9es personnelles, car il collecte certaines informations te concernant (habitudes de navigation, identit\u00e9, pr\u00e9f\u00e9rences, etc.).<\/p><p>C'est pourquoi, sur la base des dispositions de la r\u00e9glementation applicable (LSSI et l\u00e9gislation en vigueur sur la protection des donn\u00e9es personnelles), l'activation de certains types de cookies n\u00e9cessitera ton autorisation pr\u00e9alable.<\/p><p>Avant cela, nous allons te donner quelques informations suppl\u00e9mentaires qui t'aideront \u00e0 prendre une meilleure d\u00e9cision :<\/p><ol><li>Les cookies peuvent \u00eatre de diff\u00e9rents types en fonction de leur objectif :<\/li><\/ol><ul><li>Les cookies techniques sont n\u00e9cessaires au fonctionnement de notre site Internet, ils ne n\u00e9cessitent pas ta permission et sont les seuls que nous avons activ\u00e9s par d\u00e9faut.<\/li><li>Les autres cookies sont utilis\u00e9s pour am\u00e9liorer notre site Internet, pour le personnaliser en fonction de tes pr\u00e9f\u00e9rences, ou pour pouvoir te montrer des publicit\u00e9s adapt\u00e9es \u00e0 tes recherches, tes go\u00fbts et tes int\u00e9r\u00eats personnels. Tu peux accepter tous ces cookies en cliquant sur le bouton. <strong>ACCEPTER<\/strong> ou les configurer ou refuser de les utiliser en cliquant sur la section <strong>PARAM\u00c8TRES DES COOKIES<\/strong>.<\/li><\/ul><ol start=\"2\"><li>Certains cookies sont les n\u00f4tres (nous les appellerons <strong>tes propres biscuits<\/strong>) et d'autres appartiennent \u00e0 des soci\u00e9t\u00e9s externes qui fournissent des services pour notre site web (nous les appellerons <strong>cookies de tiers<\/strong>(un exemple pourrait \u00eatre les cookies de fournisseurs externes tels que Google). \u00c0 cet \u00e9gard, il est important que tu saches que certains de ces fournisseurs externes peuvent \u00eatre situ\u00e9s en dehors de l'Espagne.<\/li><\/ol><p>Globalement, tous les pays n'ont pas le m\u00eame niveau de protection des donn\u00e9es, certains pays \u00e9tant plus s\u00fbrs que d'autres (par exemple, l'Union europ\u00e9enne est un environnement s\u00fbr pour tes donn\u00e9es). Notre politique consiste \u00e0 utiliser des fournisseurs de confiance qui, qu'ils soient ou non situ\u00e9s dans l'Union europ\u00e9enne, ont adopt\u00e9 des mesures de protection appropri\u00e9es pour la protection de tes informations personnelles. Toutefois, dans la section intitul\u00e9e <strong>QUELS TYPES DE COOKIES SONT ACTUELLEMENT UTILIS\u00c9S SUR NOTRE SITE WEB ?<\/strong>Tu peux consulter les diff\u00e9rentes politiques de confidentialit\u00e9 et de protection des donn\u00e9es de chacun de ces fournisseurs externes, afin de prendre une d\u00e9cision \u00e9clair\u00e9e sur l'activation ou non des politiques de protection des donn\u00e9es et de la vie priv\u00e9e. <strong>cookies de tiers<\/strong> en utilisant notre site Internet.<\/p><ol start=\"3\"><li>Enfin, nous tenons \u00e0 pr\u00e9ciser que, selon la dur\u00e9e pendant laquelle ils restent actifs, les cookies peuvent \u00eatre de deux types :<\/li><\/ol><ul><li><strong>Cookies de session :<\/strong> expirent automatiquement lorsque tu te d\u00e9connectes de ton ordinateur, de ton smartphone ou de ta tablette. Ils sont souvent utilis\u00e9s pour conserver les informations n\u00e9cessaires pendant qu'un service t'est fourni de mani\u00e8re ponctuelle.<\/li><li><strong>Cookies persistants : <\/strong>restent stock\u00e9es sur ton ordinateur, ton smartphone ou ta tablette pendant une certaine p\u00e9riode, qui peut varier de quelques minutes \u00e0 plusieurs ann\u00e9es.<\/li><\/ul><h3><strong>QUELS TYPES DE COOKIES POUVONS-NOUS UTILISER SUR NOTRE SITE WEB ?<\/strong><\/h3><p><strong>Cookies techniques :<\/strong><\/p><p>Les cookies techniques sont strictement n\u00e9cessaires pour que notre site Internet fonctionne et que tu puisses y naviguer. Ce type de cookies sont ceux qui, par exemple, nous permettent de t'identifier, te donnent acc\u00e8s \u00e0 certaines parties restreintes de la page si n\u00e9cessaire, ou se souviennent de diff\u00e9rentes options ou services d\u00e9j\u00e0 s\u00e9lectionn\u00e9s par toi, comme tes pr\u00e9f\u00e9rences en mati\u00e8re de confidentialit\u00e9. Pour cette raison , <strong>sont activ\u00e9s par d\u00e9faut, et ton autorisation n'est pas n\u00e9cessaire.<\/strong>.<\/p><p>Gr\u00e2ce aux param\u00e8tres de ton navigateur, tu peux bloquer ou t'alerter de la pr\u00e9sence de ce type de cookies, bien que ce blocage affecte le bon fonctionnement des diff\u00e9rentes fonctionnalit\u00e9s de notre site Internet.<\/p><p><strong>Cookies d'analyse :<\/strong><\/p><p>Les cookies analytiques nous permettent d'\u00e9tudier la navigation des utilisateurs sur notre site Web en g\u00e9n\u00e9ral (par exemple, quelles sections du site Web sont les plus visit\u00e9es, quels services sont les plus utilis\u00e9s et s'ils fonctionnent correctement, etc.)<\/p><p>Sur la base d'informations statistiques concernant la navigation sur notre site Internet, nous pouvons am\u00e9liorer \u00e0 la fois le fonctionnement du site lui-m\u00eame et les diff\u00e9rents services qu'il propose. Par cons\u00e9quent, ces cookies <strong>ne sont pas destin\u00e9s \u00e0 des fins publicitaires<\/strong>Ils ne servent qu'\u00e0 mieux faire fonctionner notre site Internet, en l'adaptant \u00e0 nos utilisateurs en g\u00e9n\u00e9ral. En les activant, tu contribueras \u00e0 cette am\u00e9lioration continue.<\/p><p><strong>Tu peux activer ou d\u00e9sactiver ces cookies en cochant la case correspondante.<\/strong>Elles sont d\u00e9sactiv\u00e9es par d\u00e9faut.<\/p><p><strong>Cookies de fonctionnalit\u00e9 et de personnalisation :<\/strong><\/p><p>Les cookies de fonctionnalit\u00e9 nous permettent de nous souvenir de tes pr\u00e9f\u00e9rences, de personnaliser certaines fonctionnalit\u00e9s et options g\u00e9n\u00e9rales de notre site Web chaque fois que tu y acc\u00e8des (par exemple, la langue dans laquelle les informations te sont pr\u00e9sent\u00e9es, les sections marqu\u00e9es comme favorites, ton type de navigateur, etc.)<\/p><p>Par cons\u00e9quent, ce type de cookies <strong>ne sont pas destin\u00e9s \u00e0 des fins publicitaires<\/strong>En les activant, tu am\u00e9lioreras la fonctionnalit\u00e9 du site Internet (par exemple, en l'adaptant \u00e0 ton type de navigateur) et la personnalisation du site Internet en fonction de tes pr\u00e9f\u00e9rences (par exemple, en pr\u00e9sentant les informations dans la langue que tu as choisie par le pass\u00e9), ce qui contribuera \u00e0 la facilit\u00e9, \u00e0 la convivialit\u00e9 et au confort de notre site Internet au cours de ta navigation.<\/p><p><strong>Tu peux activer ou d\u00e9sactiver ces cookies en cochant la case correspondante.<\/strong>Elles sont d\u00e9sactiv\u00e9es par d\u00e9faut.<\/p><p><strong>Cookies publicitaires :<\/strong><\/p><p>Les cookies publicitaires nous permettent de g\u00e9rer les espaces publicitaires inclus sur notre site Web en fonction de crit\u00e8res tels que le contenu affich\u00e9 ou la fr\u00e9quence \u00e0 laquelle les publicit\u00e9s sont affich\u00e9es.<\/p><p>Par exemple, si la m\u00eame publicit\u00e9 t'a \u00e9t\u00e9 pr\u00e9sent\u00e9e plusieurs fois sur notre site Internet, et que tu n'as pas manifest\u00e9 d'int\u00e9r\u00eat personnel en cliquant dessus, elle n'appara\u00eetra plus. En r\u00e9sum\u00e9, en activant ce type de cookie, la publicit\u00e9 affich\u00e9e sur notre site Internet sera plus utile et diversifi\u00e9e, et moins r\u00e9p\u00e9titive.<\/p><p><strong>Tu peux activer ou d\u00e9sactiver ces cookies en cochant la case correspondante.<\/strong>Elles sont d\u00e9sactiv\u00e9es par d\u00e9faut.<\/p><p><strong>Cookies de publicit\u00e9 comportementale :<\/strong><\/p><p>Les cookies de publicit\u00e9 comportementale nous permettent d'obtenir des informations bas\u00e9es sur l'observation de tes habitudes de navigation et de ton comportement sur le site Internet, afin de pouvoir te montrer des contenus publicitaires mieux adapt\u00e9s \u00e0 tes go\u00fbts et int\u00e9r\u00eats personnels.<\/p><p>Pour que tu comprennes mieux, nous allons te donner un exemple fictif : si tes derni\u00e8res recherches sur le web concernaient la litt\u00e9rature \u00e0 suspense, nous te montrerions des publicit\u00e9s sur les livres \u00e0 suspense.<\/p><p>Par cons\u00e9quent, en activant ce type de cookies, la publicit\u00e9 que nous te montrons sur notre site Web ne sera pas g\u00e9n\u00e9rique, mais sera cibl\u00e9e sur tes recherches, tes go\u00fbts et tes int\u00e9r\u00eats, et sera donc ajust\u00e9e exclusivement \u00e0 toi.<\/p><p><strong>Tu peux activer ou d\u00e9sactiver ces cookies en cochant la case correspondante.<\/strong>Elles sont d\u00e9sactiv\u00e9es par d\u00e9faut.<\/p><h3><strong>QUE PEUX-TU FAIRE AVEC DES BISCUITS ?<\/strong><\/h3><p>Lorsque tu acc\u00e8des \u00e0 notre site Internet pour la premi\u00e8re fois, une fen\u00eatre s'affiche dans laquelle nous t'informons que les cookies peuvent \u00eatre de diff\u00e9rents types :<\/p><ul><li>Les cookies techniques sont n\u00e9cessaires au fonctionnement de notre site Internet, ils ne n\u00e9cessitent pas ta permission et sont les seuls que nous avons activ\u00e9s par d\u00e9faut.<\/li><li>Les autres cookies sont utilis\u00e9s pour am\u00e9liorer notre site Internet, pour le personnaliser en fonction de tes pr\u00e9f\u00e9rences, ou pour pouvoir te montrer des publicit\u00e9s adapt\u00e9es \u00e0 tes recherches, tes go\u00fbts et tes int\u00e9r\u00eats personnels. Tu peux accepter tous ces cookies en cliquant sur le bouton. <strong>ACCEPTER<\/strong> ou les configurer ou refuser de les utiliser en cliquant sur la section <strong>PARAM\u00c8TRES DES COOKIES<\/strong>.<\/li><\/ul><p>Sache \u00e9galement qu'une fois que tu as activ\u00e9 n'importe quel type de cookies, tu as la possibilit\u00e9 de les d\u00e9sactiver quand tu le souhaites, en d\u00e9cochant simplement la case correspondante dans la section. <strong>PARAM\u00c8TRES DES COOKIES <\/strong>sur notre site Internet. Il te sera toujours aussi facile d'activer nos propres cookies que de les d\u00e9sactiver.<\/p><p>Nous te rappelons \u00e9galement que, par le biais des param\u00e8tres de ton navigateur, tu peux bloquer ou t'alerter de la pr\u00e9sence de cookies, bien que ce blocage puisse affecter le bon fonctionnement des diff\u00e9rentes fonctionnalit\u00e9s de notre site Web dans le cas des cookies techniques n\u00e9cessaires.<\/p><p>Enfin, sache que, si tu actives <strong>cookies de tiers<\/strong> (soci\u00e9t\u00e9s externes qui fournissent des services pour notre site Internet) et que tu souhaites par la suite les d\u00e9sactiver, tu peux le faire de deux mani\u00e8res : en utilisant les outils de d\u00e9sactivation des cookies de ton navigateur ou par le biais des syst\u00e8mes mis en place par ces fournisseurs externes.<\/p><p>Pour te faciliter la t\u00e2che, voici une s\u00e9rie de liens vers les directives de d\u00e9sactivation des cookies dans les navigateurs les plus utilis\u00e9s :<\/p><ul><li><a href=\"https:\/\/support.google.com\/accounts\/answer\/61416?co=GENIE.Platform%3DDesktop&amp;hl=es\">Google Chrome<\/a>.<\/li><li><a href=\"https:\/\/support.mozilla.org\/es\/kb\/Borrar%20cookies\">Mozilla Firefox<\/a>.<\/li><li><a href=\"https:\/\/support.microsoft.com\/es-es\/help\/278835\/how-to-delete-cookie-files-in-internet-explorer\">Internet Explorer<\/a>.<\/li><li><a href=\"https:\/\/support.apple.com\/es-es\/guide\/safari\/sfri11471\/mac\">Safari<\/a>.<\/li><li><a href=\"https:\/\/support.apple.com\/es-es\/HT201265\">Safari pour iOS (iPhone et iPad)<\/a>.<\/li><li><a href=\"https:\/\/support.google.com\/accounts\/answer\/61416?co=GENIE.Platform%3DAndroid&amp;hl=es&amp;oco=1\">Google Chrome pour Android<\/a>.<\/li><li><a href=\"https:\/\/support.google.com\/accounts\/answer\/61416?co=GENIE.Platform%3DiOS&amp;hl=es&amp;oco=1\">Google Chrome pour iPhone et iPad<\/a>.<\/li><\/ul>\t\t\t\t\t\t\t\t<\/div>\n\t\t\t\t<\/div>\n\t\t\t\t\t<\/div>\n\t\t<\/div>\n\t\t\t\t\t<\/div>\n\t\t<\/section>\n\t\t\t\t<\/div>","protected":false},"excerpt":{"rendered":"<p>POL\u00cdTICA DE COOKIES Bienvenida\/o a la POL\u00cdTICA DE COOKIES de la p\u00e1gina web de la entidad TCO ADMINISTRACI\u00d3N DE FINCAS, provista de NIF 47068174P, donde te explicaremos en un lenguaje claro y sencillo todas las cuestiones necesarias para que puedas tener el control sobre ellas en base a tus decisiones personales. \u00bfQU\u00c9 SON LAS COOKIES [&hellip;]<\/p>","protected":false},"author":1,"featured_media":0,"parent":0,"menu_order":0,"comment_status":"closed","ping_status":"closed","template":"","meta":{"site-sidebar-layout":"no-sidebar","site-content-layout":"page-builder","ast-site-content-layout":"","site-content-style":"default","site-sidebar-style":"default","ast-global-header-display":"","ast-banner-title-visibility":"","ast-main-header-display":"","ast-hfb-above-header-display":"","ast-hfb-below-header-display":"","ast-hfb-mobile-header-display":"","site-post-title":"disabled","ast-breadcrumbs-content":"","ast-featured-img":"disabled","footer-sml-layout":"","theme-transparent-header-meta":"default","adv-header-id-meta":"","stick-header-meta":"","header-above-stick-meta":"","header-main-stick-meta":"","header-below-stick-meta":"","astra-migrate-meta-layouts":"default","ast-page-background-enabled":"default","ast-page-background-meta":{"desktop":{"background-color":"var(--ast-global-color-4)","background-image":"","background-repeat":"repeat","background-position":"center center","background-size":"auto","background-attachment":"scroll","background-type":"","background-media":"","overlay-type":"","overlay-color":"","overlay-gradient":""},"tablet":{"background-color":"","background-image":"","background-repeat":"repeat","background-position":"center center","background-size":"auto","background-attachment":"scroll","background-type":"","background-media":"","overlay-type":"","overlay-color":"","overlay-gradient":""},"mobile":{"background-color":"","background-image":"","background-repeat":"repeat","background-position":"center center","background-size":"auto","background-attachment":"scroll","background-type":"","background-media":"","overlay-type":"","overlay-color":"","overlay-gradient":""}},"ast-content-background-meta":{"desktop":{"background-color":"var(--ast-global-color-5)","background-image":"","background-repeat":"repeat","background-position":"center center","background-size":"auto","background-attachment":"scroll","background-type":"","background-media":"","overlay-type":"","overlay-color":"","overlay-gradient":""},"tablet":{"background-color":"var(--ast-global-color-5)","background-image":"","background-repeat":"repeat","background-position":"center center","background-size":"auto","background-attachment":"scroll","background-type":"","background-media":"","overlay-type":"","overlay-color":"","overlay-gradient":""},"mobile":{"background-color":"var(--ast-global-color-5)","background-image":"","background-repeat":"repeat","background-position":"center center","background-size":"auto","background-attachment":"scroll","background-type":"","background-media":"","overlay-type":"","overlay-color":"","overlay-gradient":""}},"footnotes":""},"class_list":["post-20","page","type-page","status-publish","hentry"],"_links":{"self":[{"href":"https:\/\/www.tcofincas.com\/fr\/wp-json\/wp\/v2\/pages\/20","targetHints":{"allow":["GET"]}}],"collection":[{"href":"https:\/\/www.tcofincas.com\/fr\/wp-json\/wp\/v2\/pages"}],"about":[{"href":"https:\/\/www.tcofincas.com\/fr\/wp-json\/wp\/v2\/types\/page"}],"author":[{"embeddable":true,"href":"https:\/\/www.tcofincas.com\/fr\/wp-json\/wp\/v2\/users\/1"}],"replies":[{"embeddable":true,"href":"https:\/\/www.tcofincas.com\/fr\/wp-json\/wp\/v2\/comments?post=20"}],"version-history":[{"count":11,"href":"https:\/\/www.tcofincas.com\/fr\/wp-json\/wp\/v2\/pages\/20\/revisions"}],"predecessor-version":[{"id":649,"href":"https:\/\/www.tcofincas.com\/fr\/wp-json\/wp\/v2\/pages\/20\/revisions\/649"}],"wp:attachment":[{"href":"https:\/\/www.tcofincas.com\/fr\/wp-json\/wp\/v2\/media?parent=20"}],"curies":[{"name":"wp","href":"https:\/\/api.w.org\/{rel}","templated":true}]}}