{"id":3,"date":"2023-05-31T09:28:03","date_gmt":"2023-05-31T09:28:03","guid":{"rendered":"https:\/\/tcofincas.com\/?page_id=3"},"modified":"2023-06-06T06:56:18","modified_gmt":"2023-06-06T06:56:18","slug":"politica-privacidad","status":"publish","type":"page","link":"https:\/\/www.tcofincas.com\/fr\/politique-de-confidentialite\/","title":{"rendered":"Politique de confidentialit\u00e9"},"content":{"rendered":"<div data-elementor-type=\"wp-page\" data-elementor-id=\"3\" class=\"elementor elementor-3\" data-elementor-post-type=\"page\">\n\t\t\t\t\t\t<section class=\"elementor-section elementor-top-section elementor-element elementor-element-03d9773 elementor-section-boxed elementor-section-height-default elementor-section-height-default\" data-id=\"03d9773\" data-element_type=\"section\" data-settings=\"{&quot;background_background&quot;:&quot;classic&quot;}\">\n\t\t\t\t\t\t<div class=\"elementor-container elementor-column-gap-default\">\n\t\t\t\t\t<div class=\"elementor-column elementor-col-100 elementor-top-column elementor-element elementor-element-fd468ba\" data-id=\"fd468ba\" data-element_type=\"column\">\n\t\t\t<div class=\"elementor-widget-wrap\">\n\t\t\t\t\t\t\t<\/div>\n\t\t<\/div>\n\t\t\t\t\t<\/div>\n\t\t<\/section>\n\t\t\t\t<section class=\"elementor-section elementor-top-section elementor-element elementor-element-71aeb7cd elementor-section-boxed elementor-section-height-default elementor-section-height-default\" data-id=\"71aeb7cd\" data-element_type=\"section\">\n\t\t\t\t\t\t<div class=\"elementor-container elementor-column-gap-default\">\n\t\t\t\t\t<div class=\"elementor-column elementor-col-100 elementor-top-column elementor-element elementor-element-13e0fbf0\" data-id=\"13e0fbf0\" data-element_type=\"column\">\n\t\t\t<div class=\"elementor-widget-wrap elementor-element-populated\">\n\t\t\t\t\t\t<div class=\"elementor-element elementor-element-409e6373 elementor-widget elementor-widget-text-editor\" data-id=\"409e6373\" data-element_type=\"widget\" data-widget_type=\"text-editor.default\">\n\t\t\t\t<div class=\"elementor-widget-container\">\n\t\t\t\t\t\t\t\t\t<h2 style=\"text-align: center;\">Informations conformes \u00e0 la r\u00e9glementation sur la protection des donn\u00e9es personnelles.<\/h2>\n<p>En Europe et en Espagne, il existe des r\u00e9glementations sur la protection des donn\u00e9es con\u00e7ues pour prot\u00e9ger tes informations personnelles, qui nous lient. Par cons\u00e9quent, il est tr\u00e8s important pour nous que tu comprennes parfaitement ce que nous allons faire avec les donn\u00e9es personnelles que nous te demandons. Ainsi, nous ferons preuve de transparence et te donnerons le contr\u00f4le de tes donn\u00e9es, avec un langage simple et des choix clairs qui te permettront de d\u00e9cider ce que nous ferons de tes informations personnelles. N'h\u00e9site pas \u00e0 nous demander si tu as des questions apr\u00e8s avoir lu ces informations. Nous te remercions pour ta coop\u00e9ration.<\/p>\n<h3><strong>\u00bf<\/strong><strong>Qui sommes-nous ?<\/strong><\/h3>\n<ul>\n<li>Notre d\u00e9nomination :\u00a0<strong>TCO PROPERTY MANAGEMENT<\/strong><\/li>\n<li>Notre CIF \/ NIF :\u00a0<strong>47068174P<\/strong><\/li>\n<li>Notre activit\u00e9 principale :<strong> GESTION IMMOBILI\u00c8RE<\/strong><\/li>\n<li>Notre adresse :\u00a0<strong>CALLE CAN\u00d3NIGO TORRES 1 BAJO, CP 03181, Torrevieja (Alicante)<\/strong><\/li>\n<li>Notre num\u00e9ro de t\u00e9l\u00e9phone de contact : <b>618 778 301<\/b><\/li>\n<li>Notre adresse e-mail de contact : <b>HOLA@TCOFINCAS.COM<\/b><\/li>\n<li>Notre site Internet :\u00a0<strong>TCOFINCAS.COM<\/strong><\/li>\n<li>Notre activit\u00e9 principale est soumise \u00e0 un r\u00e9gime d'autorisation administrative pr\u00e9alable. Pour ta confiance et ta s\u00e9curit\u00e9, nous te fournissons les d\u00e9tails de cette autorisation et les \u00e9l\u00e9ments d'identification de l'organisme de contr\u00f4le comp\u00e9tent :<\/li>\n<\/ul>\n<p>Nous sommes \u00e0 ta disposition, n'h\u00e9site pas \u00e0 nous contacter.<\/p>\n<h3><strong>Dans quel but allons-nous utiliser tes donn\u00e9es ?<\/strong><\/h3>\n<p>En g\u00e9n\u00e9ral, tes donn\u00e9es personnelles seront utilis\u00e9es pour interagir avec toi et te fournir nos services. Elles peuvent \u00e9galement \u00eatre utilis\u00e9es pour d'autres activit\u00e9s, comme t'envoyer de la publicit\u00e9 ou promouvoir nos activit\u00e9s.<\/p>\n<h3><strong>Pourquoi avons-nous besoin d'utiliser tes donn\u00e9es ?<\/strong><\/h3>\n<p>Tes informations personnelles sont n\u00e9cessaires pour que nous puissions interagir avec toi et te fournir nos services. \u00c0 cet \u00e9gard, nous te fournirons un certain nombre de cases \u00e0 cocher qui te permettront de prendre une d\u00e9cision claire et simple sur l'utilisation de tes informations personnelles.<\/p>\n<h3><strong>Qui conna\u00eetra les informations que nous demandons ?<\/strong><\/h3>\n<p>En g\u00e9n\u00e9ral, seul le personnel d\u00fbment autoris\u00e9 de notre organisation aura acc\u00e8s aux informations que nous te demandons. De m\u00eame, les entit\u00e9s qui doivent avoir acc\u00e8s \u00e0 tes informations personnelles pour que nous puissions te fournir nos services peuvent \u00e9galement y avoir acc\u00e8s. Par exemple, notre banque conna\u00eetra tes coordonn\u00e9es si le paiement de nos services est effectu\u00e9 par carte de cr\u00e9dit ou par virement bancaire. De m\u00eame, les entit\u00e9s publiques ou priv\u00e9es auxquelles nous sommes oblig\u00e9s de fournir tes donn\u00e9es personnelles afin de nous conformer \u00e0 toute loi auront connaissance de tes informations. Pour te donner un exemple, la loi fiscale nous oblige \u00e0 fournir \u00e0 l'Agence fiscale certaines informations sur les transactions \u00e9conomiques d\u00e9passant un certain montant. Si, en dehors des cas susmentionn\u00e9s, nous devons divulguer tes donn\u00e9es personnelles \u00e0 d'autres entit\u00e9s, nous te demanderons ton autorisation pr\u00e9alable par le biais d'options claires qui te permettront de d\u00e9cider \u00e0 cet \u00e9gard.<\/p>\n<h3><strong>Comment prot\u00e9geons-nous tes donn\u00e9es ?<\/strong><\/h3>\n<p>Nous prot\u00e9gerons tes donn\u00e9es par des mesures de s\u00e9curit\u00e9 efficaces en fonction des risques li\u00e9s \u00e0 l'utilisation de tes informations. \u00c0 cette fin, nous avons adopt\u00e9 une politique de protection des donn\u00e9es et des contr\u00f4les et audits annuels sont effectu\u00e9s pour garantir que tes donn\u00e9es personnelles sont s\u00e9curis\u00e9es \u00e0 tout moment.<\/p>\n<h3><strong>Allons-nous envoyer tes donn\u00e9es \u00e0 d'autres pays ?<\/strong><\/h3>\n<p>Il y a des pays dans le monde qui sont s\u00fbrs pour tes donn\u00e9es et d'autres qui le sont moins. Par exemple, l'Union europ\u00e9enne est un environnement s\u00fbr pour tes donn\u00e9es. Notre politique est de ne pas envoyer tes informations personnelles dans un pays qui n'est pas s\u00fbr du point de vue de la protection des donn\u00e9es. Dans le cas o\u00f9, pour te fournir le service, il est n\u00e9cessaire d'envoyer tes donn\u00e9es dans un pays qui n'est pas aussi s\u00fbr que l'Espagne, nous demanderons toujours ton autorisation pr\u00e9alable et nous appliquerons des mesures de s\u00e9curit\u00e9 efficaces pour r\u00e9duire les risques li\u00e9s \u00e0 l'envoi de tes informations personnelles dans un autre pays.<\/p>\n<h3><strong>Combien de temps conserverons-nous tes donn\u00e9es ?<\/strong><\/h3>\n<p>Nous conserverons tes donn\u00e9es pendant toute la dur\u00e9e de notre relation et aussi longtemps que la loi nous y oblige. \u00c0 la fin des p\u00e9riodes l\u00e9gales applicables, nous les \u00e9liminerons de mani\u00e8re s\u00e9curis\u00e9e et respectueuse de l'environnement.<\/p>\n<h3><strong>Quels sont tes droits en mati\u00e8re de protection des donn\u00e9es ?<\/strong><\/h3>\n<p>Tu peux \u00e0 tout moment nous contacter pour savoir quelles informations nous d\u00e9tenons sur toi, les rectifier si elles sont incorrectes et les supprimer apr\u00e8s la fin de notre relation, lorsque cela est l\u00e9galement possible. Tu as \u00e9galement le droit de demander le transfert de tes informations \u00e0 une autre entit\u00e9. Ce droit est appel\u00e9 \"portabilit\u00e9\" et peut \u00eatre utile dans certaines situations. Pour demander l'un de ces droits, tu dois nous faire une demande \u00e9crite, accompagn\u00e9e d'une photocopie de ta carte d'identit\u00e9, afin que nous puissions t'identifier. Nous avons des formulaires sp\u00e9cifiques disponibles dans nos bureaux pour demander ces droits et nous te proposons notre aide pour les remplir. Pour en savoir plus sur tes droits en mati\u00e8re de protection des donn\u00e9es, tu peux consulter le site Internet de l'Agence espagnole de protection des donn\u00e9es (<a href=\"http:\/\/www.agpd.es\/\">www.agpd.es<\/a>).<\/p>\n<h3><strong>Peux-tu retirer ton consentement si tu changes d'avis ult\u00e9rieurement ?<\/strong><\/h3>\n<p>Tu peux retirer ton consentement si tu changes d'avis sur l'utilisation de tes donn\u00e9es \u00e0 tout moment. Par exemple, si tu as d\u00e9j\u00e0 \u00e9t\u00e9 int\u00e9ress\u00e9 par la r\u00e9ception de publicit\u00e9 pour nos produits ou services, mais que tu ne souhaites plus en recevoir, tu peux nous le faire savoir en remplissant le formulaire d'opposition disponible dans nos bureaux.<\/p>\n<h3><strong>Si tu as l'impression que tes droits n'ont pas \u00e9t\u00e9 respect\u00e9s, o\u00f9 peux-tu d\u00e9poser une plainte ?<\/strong><\/h3>\n<p>Dans le cas o\u00f9 tu estimes que tes droits n'ont pas \u00e9t\u00e9 respect\u00e9s par notre entit\u00e9, tu peux d\u00e9poser une plainte aupr\u00e8s de l'Agence espagnole de protection des donn\u00e9es, par l'un des moyens suivants :<\/p>\n<ul>\n<li>Si\u00e8ge \u00e9lectronique : www.agpd.es<\/li>\n<li>Adresse postale :<\/li>\n<\/ul>\n<p>Agencia Espa\u00f1ola de Protecci\u00f3n de Datos C\/ Jorge Juan, 6 28001-Madrid<\/p>\n<ul>\n<li>Par t\u00e9l\u00e9phone :<\/li>\n<\/ul>\n<p>T\u00e9l. 901 100 099 T\u00e9l. 91 266 35 17 D\u00e9poser une plainte aupr\u00e8s de l'Agence espagnole de protection des donn\u00e9es n'entra\u00eene aucun co\u00fbt et il n'est pas n\u00e9cessaire d'avoir l'assistance d'un avocat ou d'un juriste.<\/p>\n<h3><strong>Est-ce qu'on va faire ton profil ?<\/strong><\/h3>\n<p>Notre politique est de ne pas \u00e9tablir de profil pour les utilisateurs de nos services. Cependant, il peut y avoir des situations o\u00f9, pour la prestation de services, le marketing ou d'autres objectifs, nous avons besoin de profiler les informations te concernant. Un exemple pourrait \u00eatre l'utilisation de ton historique d'achat ou de service pour nous permettre de te proposer des produits ou des services adapt\u00e9s \u00e0 tes go\u00fbts ou \u00e0 tes besoins. Dans de tels cas, nous mettrons en \u0153uvre des mesures de s\u00e9curit\u00e9 efficaces pour prot\u00e9ger tes informations \u00e0 tout moment contre les personnes non autoris\u00e9es qui cherchent \u00e0 les utiliser \u00e0 leur profit.<\/p>\n<h3><strong>Utiliserons-nous tes donn\u00e9es \u00e0 d'autres fins ?<\/strong><\/h3>\n<p>Notre politique est de ne pas utiliser tes donn\u00e9es \u00e0 des fins autres que celles que nous t'avons expliqu\u00e9es. Si toutefois nous devons utiliser tes donn\u00e9es pour d'autres activit\u00e9s, nous te demanderons toujours ta permission au pr\u00e9alable en te proposant des options claires pour te permettre de d\u00e9cider.<\/p>\t\t\t\t\t\t\t\t<\/div>\n\t\t\t\t<\/div>\n\t\t\t\t\t<\/div>\n\t\t<\/div>\n\t\t\t\t\t<\/div>\n\t\t<\/section>\n\t\t\t\t<\/div>","protected":false},"excerpt":{"rendered":"<p>Informaci\u00f3n en cumplimiento de la normativa de protecci\u00f3n de datos personales En Europa y en Espa\u00f1a existen normas de protecci\u00f3n de datos pensadas para proteger su informaci\u00f3n personal de obligado cumplimiento para nuestra entidad. Por ello, es muy importante para nosotros que entienda perfectamente qu\u00e9 vamos a hacer con los datos personales que le pedimos. [&hellip;]<\/p>","protected":false},"author":1,"featured_media":0,"parent":0,"menu_order":0,"comment_status":"closed","ping_status":"closed","template":"","meta":{"site-sidebar-layout":"no-sidebar","site-content-layout":"page-builder","ast-site-content-layout":"","site-content-style":"default","site-sidebar-style":"default","ast-global-header-display":"","ast-banner-title-visibility":"","ast-main-header-display":"","ast-hfb-above-header-display":"","ast-hfb-below-header-display":"","ast-hfb-mobile-header-display":"","site-post-title":"","ast-breadcrumbs-content":"","ast-featured-img":"","footer-sml-layout":"","theme-transparent-header-meta":"default","adv-header-id-meta":"","stick-header-meta":"","header-above-stick-meta":"","header-main-stick-meta":"","header-below-stick-meta":"","astra-migrate-meta-layouts":"default","ast-page-background-enabled":"default","ast-page-background-meta":{"desktop":{"background-color":"var(--ast-global-color-4)","background-image":"","background-repeat":"repeat","background-position":"center center","background-size":"auto","background-attachment":"scroll","background-type":"","background-media":"","overlay-type":"","overlay-color":"","overlay-gradient":""},"tablet":{"background-color":"","background-image":"","background-repeat":"repeat","background-position":"center center","background-size":"auto","background-attachment":"scroll","background-type":"","background-media":"","overlay-type":"","overlay-color":"","overlay-gradient":""},"mobile":{"background-color":"","background-image":"","background-repeat":"repeat","background-position":"center center","background-size":"auto","background-attachment":"scroll","background-type":"","background-media":"","overlay-type":"","overlay-color":"","overlay-gradient":""}},"ast-content-background-meta":{"desktop":{"background-color":"var(--ast-global-color-5)","background-image":"","background-repeat":"repeat","background-position":"center center","background-size":"auto","background-attachment":"scroll","background-type":"","background-media":"","overlay-type":"","overlay-color":"","overlay-gradient":""},"tablet":{"background-color":"var(--ast-global-color-5)","background-image":"","background-repeat":"repeat","background-position":"center center","background-size":"auto","background-attachment":"scroll","background-type":"","background-media":"","overlay-type":"","overlay-color":"","overlay-gradient":""},"mobile":{"background-color":"var(--ast-global-color-5)","background-image":"","background-repeat":"repeat","background-position":"center center","background-size":"auto","background-attachment":"scroll","background-type":"","background-media":"","overlay-type":"","overlay-color":"","overlay-gradient":""}},"footnotes":""},"class_list":["post-3","page","type-page","status-publish","hentry"],"_links":{"self":[{"href":"https:\/\/www.tcofincas.com\/fr\/wp-json\/wp\/v2\/pages\/3","targetHints":{"allow":["GET"]}}],"collection":[{"href":"https:\/\/www.tcofincas.com\/fr\/wp-json\/wp\/v2\/pages"}],"about":[{"href":"https:\/\/www.tcofincas.com\/fr\/wp-json\/wp\/v2\/types\/page"}],"author":[{"embeddable":true,"href":"https:\/\/www.tcofincas.com\/fr\/wp-json\/wp\/v2\/users\/1"}],"replies":[{"embeddable":true,"href":"https:\/\/www.tcofincas.com\/fr\/wp-json\/wp\/v2\/comments?post=3"}],"version-history":[{"count":8,"href":"https:\/\/www.tcofincas.com\/fr\/wp-json\/wp\/v2\/pages\/3\/revisions"}],"predecessor-version":[{"id":657,"href":"https:\/\/www.tcofincas.com\/fr\/wp-json\/wp\/v2\/pages\/3\/revisions\/657"}],"wp:attachment":[{"href":"https:\/\/www.tcofincas.com\/fr\/wp-json\/wp\/v2\/media?parent=3"}],"curies":[{"name":"wp","href":"https:\/\/api.w.org\/{rel}","templated":true}]}}