{"id":310,"date":"2021-11-04T10:22:20","date_gmt":"2021-11-04T10:22:20","guid":{"rendered":"https:\/\/tcofincas.com\/contact-us\/"},"modified":"2023-06-06T07:21:42","modified_gmt":"2023-06-06T07:21:42","slug":"contacto","status":"publish","type":"page","link":"https:\/\/www.tcofincas.com\/fr\/contact\/","title":{"rendered":"Contact"},"content":{"rendered":"<div data-elementor-type=\"wp-page\" data-elementor-id=\"310\" class=\"elementor elementor-310\" data-elementor-post-type=\"page\">\n\t\t\t\t\t\t<section class=\"elementor-section elementor-top-section elementor-element elementor-element-b83fba0 elementor-section-boxed elementor-section-height-default elementor-section-height-default\" data-id=\"b83fba0\" data-element_type=\"section\" data-settings=\"{&quot;background_background&quot;:&quot;classic&quot;}\">\n\t\t\t\t\t\t\t<div class=\"elementor-background-overlay\"><\/div>\n\t\t\t\t\t\t\t<div class=\"elementor-container elementor-column-gap-no\">\n\t\t\t\t\t<div class=\"elementor-column elementor-col-100 elementor-top-column elementor-element elementor-element-9881aa0\" data-id=\"9881aa0\" data-element_type=\"column\">\n\t\t\t<div class=\"elementor-widget-wrap elementor-element-populated\">\n\t\t\t\t\t\t<div class=\"elementor-element elementor-element-c5aaabc elementor-widget elementor-widget-heading\" data-id=\"c5aaabc\" data-element_type=\"widget\" data-widget_type=\"heading.default\">\n\t\t\t\t<div class=\"elementor-widget-container\">\n\t\t\t\t\t<h1 class=\"elementor-heading-title elementor-size-default\">CONTACTEZ-NOUS<br>TCO FINCAS<\/h1>\t\t\t\t<\/div>\n\t\t\t\t<\/div>\n\t\t\t\t\t<\/div>\n\t\t<\/div>\n\t\t\t\t\t<\/div>\n\t\t<\/section>\n\t\t\t\t<section class=\"elementor-section elementor-top-section elementor-element elementor-element-215cd10 elementor-section-boxed elementor-section-height-default elementor-section-height-default\" data-id=\"215cd10\" data-element_type=\"section\" data-settings=\"{&quot;background_background&quot;:&quot;classic&quot;}\">\n\t\t\t\t\t\t<div class=\"elementor-container elementor-column-gap-no\">\n\t\t\t\t\t<div class=\"elementor-column elementor-col-100 elementor-top-column elementor-element elementor-element-4a64937\" data-id=\"4a64937\" data-element_type=\"column\">\n\t\t\t<div class=\"elementor-widget-wrap elementor-element-populated\">\n\t\t\t\t\t\t<div class=\"elementor-element elementor-element-cf80f76 elementor-widget elementor-widget-heading\" data-id=\"cf80f76\" data-element_type=\"widget\" data-widget_type=\"heading.default\">\n\t\t\t\t<div class=\"elementor-widget-container\">\n\t\t\t\t\t<h3 class=\"elementor-heading-title elementor-size-default\">Nous sommes situ\u00e9s au c\u0153ur du centre financier de Torrevieja.<\/h3>\t\t\t\t<\/div>\n\t\t\t\t<\/div>\n\t\t\t\t<div class=\"elementor-element elementor-element-5741ff5 elementor-widget elementor-widget-heading\" data-id=\"5741ff5\" data-element_type=\"widget\" data-widget_type=\"heading.default\">\n\t\t\t\t<div class=\"elementor-widget-container\">\n\t\t\t\t\t<h2 class=\"elementor-heading-title elementor-size-default\">Notre bureau<\/h2>\t\t\t\t<\/div>\n\t\t\t\t<\/div>\n\t\t\t\t<section class=\"elementor-section elementor-inner-section elementor-element elementor-element-db5c868 elementor-section-boxed elementor-section-height-default elementor-section-height-default\" data-id=\"db5c868\" data-element_type=\"section\">\n\t\t\t\t\t\t<div class=\"elementor-container elementor-column-gap-no\">\n\t\t\t\t\t<div class=\"elementor-column elementor-col-33 elementor-inner-column elementor-element elementor-element-59cc392\" data-id=\"59cc392\" data-element_type=\"column\">\n\t\t\t<div class=\"elementor-widget-wrap elementor-element-populated\">\n\t\t\t\t\t\t<div class=\"elementor-element elementor-element-09f7e68 elementor-widget elementor-widget-heading\" data-id=\"09f7e68\" data-element_type=\"widget\" data-widget_type=\"heading.default\">\n\t\t\t\t<div class=\"elementor-widget-container\">\n\t\t\t\t\t<h3 class=\"elementor-heading-title elementor-size-default\">Torrevieja<\/h3>\t\t\t\t<\/div>\n\t\t\t\t<\/div>\n\t\t\t\t<div class=\"elementor-element elementor-element-c7cf8fd elementor-vertical-align-top elementor-widget elementor-widget-image-box\" data-id=\"c7cf8fd\" data-element_type=\"widget\" data-widget_type=\"image-box.default\">\n\t\t\t\t<div class=\"elementor-widget-container\">\n\t\t\t\t\t<div class=\"elementor-image-box-wrapper\"><div class=\"elementor-image-box-content\"><h4 class=\"elementor-image-box-title\">Adresse :<\/h4><p class=\"elementor-image-box-description\">Calle Can\u00f3nigo Torres 1 Bajo.<br>03181. Torrevieja (Alicante).<\/p><\/div><\/div>\t\t\t\t<\/div>\n\t\t\t\t<\/div>\n\t\t\t\t<div class=\"elementor-element elementor-element-331ef55 elementor-vertical-align-top elementor-widget elementor-widget-image-box\" data-id=\"331ef55\" data-element_type=\"widget\" data-widget_type=\"image-box.default\">\n\t\t\t\t<div class=\"elementor-widget-container\">\n\t\t\t\t\t<div class=\"elementor-image-box-wrapper\"><div class=\"elementor-image-box-content\"><h4 class=\"elementor-image-box-title\">T\u00e9l\u00e9phone :<\/h4><p class=\"elementor-image-box-description\">+34 618 778 301<\/p><\/div><\/div>\t\t\t\t<\/div>\n\t\t\t\t<\/div>\n\t\t\t\t<div class=\"elementor-element elementor-element-43f13e4 elementor-vertical-align-top elementor-widget elementor-widget-image-box\" data-id=\"43f13e4\" data-element_type=\"widget\" data-widget_type=\"image-box.default\">\n\t\t\t\t<div class=\"elementor-widget-container\">\n\t\t\t\t\t<div class=\"elementor-image-box-wrapper\"><div class=\"elementor-image-box-content\"><h4 class=\"elementor-image-box-title\">Courriel :<\/h4><p class=\"elementor-image-box-description\">hola@tcofincas.com<\/p><\/div><\/div>\t\t\t\t<\/div>\n\t\t\t\t<\/div>\n\t\t\t\t<div class=\"elementor-element elementor-element-ec02dab elementor-align-center elementor-widget elementor-widget-button\" data-id=\"ec02dab\" data-element_type=\"widget\" data-widget_type=\"button.default\">\n\t\t\t\t<div class=\"elementor-widget-container\">\n\t\t\t\t\t\t\t\t\t<div class=\"elementor-button-wrapper\">\n\t\t\t\t\t<a class=\"elementor-button elementor-button-link elementor-size-md\" href=\"https:\/\/www.google.es\/maps\/dir\/\/tco+administracion+fincas\/@37.9816184,-0.6902481,16z\/data=!4m8!4m7!1m0!1m5!1m1!1s0xd6307692c81878d:0x131f340d3043ce58!2m2!1d-0.6834239!2d37.9762269?hl=es&#038;entry=ttu\" target=\"_blank\">\n\t\t\t\t\t\t<span class=\"elementor-button-content-wrapper\">\n\t\t\t\t\t\t<span class=\"elementor-button-icon\">\n\t\t\t\t<i aria-hidden=\"true\" class=\"fas fa-map-marker-alt\"><\/i>\t\t\t<\/span>\n\t\t\t\t\t\t\t\t\t<span class=\"elementor-button-text\">Comment s'y rendre ?<\/span>\n\t\t\t\t\t<\/span>\n\t\t\t\t\t<\/a>\n\t\t\t\t<\/div>\n\t\t\t\t\t\t\t\t<\/div>\n\t\t\t\t<\/div>\n\t\t\t\t\t<\/div>\n\t\t<\/div>\n\t\t\t\t<div class=\"elementor-column elementor-col-66 elementor-inner-column elementor-element elementor-element-58a2777\" data-id=\"58a2777\" data-element_type=\"column\">\n\t\t\t<div class=\"elementor-widget-wrap elementor-element-populated\">\n\t\t\t\t\t\t<div class=\"elementor-element elementor-element-aad9bdd elementor-widget elementor-widget-image\" data-id=\"aad9bdd\" data-element_type=\"widget\" data-widget_type=\"image.default\">\n\t\t\t\t<div class=\"elementor-widget-container\">\n\t\t\t\t\t\t\t\t\t\t\t\t\t\t\t<img fetchpriority=\"high\" decoding=\"async\" width=\"587\" height=\"392\" src=\"https:\/\/www.tcofincas.com\/wp-content\/uploads\/2023\/06\/oficina.jpg\" class=\"attachment-large size-large wp-image-676\" alt=\"\" srcset=\"https:\/\/www.tcofincas.com\/wp-content\/uploads\/2023\/06\/oficina.jpg 587w, https:\/\/www.tcofincas.com\/wp-content\/uploads\/2023\/06\/oficina-300x200.jpg 300w\" sizes=\"(max-width: 587px) 100vw, 587px\" \/>\t\t\t\t\t\t\t\t\t\t\t\t\t\t\t<\/div>\n\t\t\t\t<\/div>\n\t\t\t\t\t<\/div>\n\t\t<\/div>\n\t\t\t\t\t<\/div>\n\t\t<\/section>\n\t\t\t\t<div class=\"elementor-element elementor-element-ec69c30 elementor-widget-divider--view-line elementor-widget elementor-widget-divider\" data-id=\"ec69c30\" data-element_type=\"widget\" data-widget_type=\"divider.default\">\n\t\t\t\t<div class=\"elementor-widget-container\">\n\t\t\t\t\t\t\t<div class=\"elementor-divider\">\n\t\t\t<span class=\"elementor-divider-separator\">\n\t\t\t\t\t\t<\/span>\n\t\t<\/div>\n\t\t\t\t\t\t<\/div>\n\t\t\t\t<\/div>\n\t\t\t\t\t<\/div>\n\t\t<\/div>\n\t\t\t\t\t<\/div>\n\t\t<\/section>\n\t\t\t\t<section class=\"elementor-section elementor-top-section elementor-element elementor-element-f98f980 elementor-section-boxed elementor-section-height-default elementor-section-height-default\" data-id=\"f98f980\" data-element_type=\"section\" data-settings=\"{&quot;background_background&quot;:&quot;classic&quot;}\">\n\t\t\t\t\t\t<div class=\"elementor-container elementor-column-gap-no\">\n\t\t\t\t\t<div class=\"elementor-column elementor-col-100 elementor-top-column elementor-element elementor-element-b0988a5\" data-id=\"b0988a5\" data-element_type=\"column\">\n\t\t\t<div class=\"elementor-widget-wrap elementor-element-populated\">\n\t\t\t\t\t\t<div class=\"elementor-element elementor-element-ec1a0f4 elementor-widget elementor-widget-heading\" data-id=\"ec1a0f4\" data-element_type=\"widget\" data-widget_type=\"heading.default\">\n\t\t\t\t<div class=\"elementor-widget-container\">\n\t\t\t\t\t<h3 class=\"elementor-heading-title elementor-size-default\">Nous te contacterons sans obligation<\/h3>\t\t\t\t<\/div>\n\t\t\t\t<\/div>\n\t\t\t\t<div class=\"elementor-element elementor-element-7cc2b24 elementor-widget elementor-widget-heading\" data-id=\"7cc2b24\" data-element_type=\"widget\" data-widget_type=\"heading.default\">\n\t\t\t\t<div class=\"elementor-widget-container\">\n\t\t\t\t\t<h2 class=\"elementor-heading-title elementor-size-default\">Veux-tu que nous t'appelions ?<\/h2>\t\t\t\t<\/div>\n\t\t\t\t<\/div>\n\t\t\t\t<section class=\"elementor-section elementor-inner-section elementor-element elementor-element-7cde1dd elementor-section-boxed elementor-section-height-default elementor-section-height-default\" data-id=\"7cde1dd\" data-element_type=\"section\">\n\t\t\t\t\t\t<div class=\"elementor-container elementor-column-gap-wide\">\n\t\t\t\t\t<div class=\"elementor-column elementor-col-66 elementor-inner-column elementor-element elementor-element-e0e53fc\" data-id=\"e0e53fc\" data-element_type=\"column\">\n\t\t\t<div class=\"elementor-widget-wrap elementor-element-populated\">\n\t\t\t\t\t\t<div class=\"elementor-element elementor-element-1951995 elementor-widget elementor-widget-wpforms\" data-id=\"1951995\" data-element_type=\"widget\" data-widget_type=\"wpforms.default\">\n\t\t\t\t<div class=\"elementor-widget-container\">\n\t\t\t\t\t<div class=\"wpforms-container\" id=\"wpforms-24\"><form id=\"wpforms-form-24\" class=\"wpforms-validate wpforms-form wpforms-ajax-form\" data-formid=\"24\" method=\"post\" enctype=\"multipart\/form-data\" action=\"\/fr\/wp-json\/wp\/v2\/pages\/310\" data-token=\"0361365a2a2244614d42ecdbc365fc4e\" data-trp-original-action=\"\/fr\/wp-json\/wp\/v2\/pages\/310\"><noscript class=\"wpforms-error-noscript\">Tu dois activer JavaScript dans ton navigateur pour remplir ce formulaire.<\/noscript><div class=\"wpforms-field-container\"><div id=\"wpforms-24-field_0-container\" class=\"wpforms-field wpforms-field-name\" data-field-id=\"0\"><label class=\"wpforms-field-label\" for=\"wpforms-24-field_0\">Nom <span class=\"wpforms-required-label\">*<\/span><\/label><input type=\"text\" id=\"wpforms-24-field_0\" class=\"wpforms-field-large wpforms-field-required\" name=\"wpforms[fields][0]\" placeholder=\"Saisis ton nom\" required><div class=\"wpforms-field-description\">Nous saurons alors vers qui nous tourner<\/div><\/div><div id=\"wpforms-24-field_3-container\" class=\"wpforms-field wpforms-field-text\" data-field-id=\"3\"><label class=\"wpforms-field-label\" for=\"wpforms-24-field_3\">Num\u00e9ro de t\u00e9l\u00e9phone de la personne \u00e0 contacter <span class=\"wpforms-required-label\">*<\/span><\/label><input type=\"text\" id=\"wpforms-24-field_3\" class=\"wpforms-field-large wpforms-field-required\" name=\"wpforms[fields][3]\" placeholder=\"Entre ton num\u00e9ro de t\u00e9l\u00e9phone\" required><div class=\"wpforms-field-description\">Nous t'appellerons \u00e0 ce num\u00e9ro<\/div><\/div><div id=\"wpforms-24-field_4-container\" class=\"wpforms-field wpforms-field-select wpforms-field-select-style-modern\" data-field-id=\"4\"><label class=\"wpforms-field-label\" for=\"wpforms-24-field_4\">\u00c0 quelle heure veux-tu que l'on t'appelle ? <span class=\"wpforms-required-label\">*<\/span><\/label><select id=\"wpforms-24-field_4\" class=\"wpforms-field-large wpforms-field-required choicesjs-select\" data-size-class=\"wpforms-field-row wpforms-field-large\" data-search-enabled=\"\" name=\"wpforms[fields][4]\" required=\"required\"><option value=\"\" class=\"placeholder\" disabled>Appelle-moi \u00e0 tout moment<\/option><option value=\"Llamarme a cualquier hora\"  selected='selected'>Appelle-moi \u00e0 tout moment<\/option><option value=\"Llamarme por las ma\u00f1anas\" >Appelle-moi le matin<\/option><option value=\"Llamarme por las tardes\" >Appelle-moi le soir<\/option><\/select><div class=\"wpforms-field-description\">Nous t'appellerons de pr\u00e9f\u00e9rence pendant les heures que tu auras indiqu\u00e9es.<\/div><\/div><div id=\"wpforms-24-field_5-container\" class=\"wpforms-field wpforms-field-checkbox\" data-field-id=\"5\"><label class=\"wpforms-field-label wpforms-label-hide\" for=\"wpforms-24-field_5\">Cases \u00e0 cocher <span class=\"wpforms-required-label\">*<\/span><\/label><ul id=\"wpforms-24-field_5\" class=\"wpforms-field-required\"><li class=\"choice-1 depth-1\"><input type=\"checkbox\" id=\"wpforms-24-field_5_1\" name=\"wpforms[fields][5][]\" value=\"Autorizo a TCO Fincas al tratamiento de los datos facilitados a trav\u00e9s del presente formulario con la finalidad de tramitar la comunicaci\u00f3n y a que se me contacte para el tratamiento de la misma, conforme a lo dispuesto en la &lt;a href=&quot;\/politica-privacidad\/&quot;&gt;Pol\u00edtica de privacidad&lt;\/a&gt; de este sitio web.\" required><label class=\"wpforms-field-label-inline\" for=\"wpforms-24-field_5_1\">J'autorise TCO Fincas \u00e0 traiter les donn\u00e9es fournies \u00e0 travers ce formulaire dans le but de traiter la communication et de me contacter pour le traitement de la m\u00eame, conform\u00e9ment aux dispositions de la. <a href=\"https:\/\/www.tcofincas.com\/fr\/politique-de-confidentialite\/\">Politique de confidentialit\u00e9<\/a> de ce site.<\/label><\/li><\/ul><\/div><\/div><!-- .wpforms-field-container --><input type=\"hidden\" name=\"wpforms[recaptcha]\" value=\"\"><div class=\"wpforms-submit-container\" ><input type=\"hidden\" name=\"wpforms[id]\" value=\"24\"><input type=\"hidden\" name=\"wpforms[author]\" value=\"1\"><button type=\"submit\" name=\"wpforms[submit]\" id=\"wpforms-submit-24\" class=\"wpforms-submit\" data-alt-text=\"Enviando...\" data-submit-text=\"Solicitar contacto\" aria-live=\"assertive\" value=\"wpforms-submit\">Demande de contact<\/button><img decoding=\"async\" src=\"https:\/\/www.tcofincas.com\/wp-content\/plugins\/wpforms\/assets\/images\/submit-spin.svg\" class=\"wpforms-submit-spinner\" style=\"display: none;\" width=\"26\" height=\"26\" alt=\"Chargement en cours\"><\/div><input type=\"hidden\" name=\"trp-form-language\" value=\"fr\"\/><\/form><\/div>  <!-- .wpforms-container -->\t\t\t\t<\/div>\n\t\t\t\t<\/div>\n\t\t\t\t\t<\/div>\n\t\t<\/div>\n\t\t\t\t<div class=\"elementor-column elementor-col-33 elementor-inner-column elementor-element elementor-element-eaa0b05\" data-id=\"eaa0b05\" data-element_type=\"column\">\n\t\t\t<div class=\"elementor-widget-wrap elementor-element-populated\">\n\t\t\t\t\t\t<div class=\"elementor-element elementor-element-81cca7c elementor-vertical-align-top elementor-widget elementor-widget-image-box\" data-id=\"81cca7c\" data-element_type=\"widget\" data-widget_type=\"image-box.default\">\n\t\t\t\t<div class=\"elementor-widget-container\">\n\t\t\t\t\t<div class=\"elementor-image-box-wrapper\"><div class=\"elementor-image-box-content\"><h4 class=\"elementor-image-box-title\">TCO Fincas t'appelle<\/h4><p class=\"elementor-image-box-description\">Remplis le formulaire et nous te contacterons d\u00e8s que possible.<\/p><\/div><\/div>\t\t\t\t<\/div>\n\t\t\t\t<\/div>\n\t\t\t\t\t<\/div>\n\t\t<\/div>\n\t\t\t\t\t<\/div>\n\t\t<\/section>\n\t\t\t\t<div class=\"elementor-element elementor-element-bf775e2 elementor-widget-divider--view-line elementor-widget elementor-widget-divider\" data-id=\"bf775e2\" data-element_type=\"widget\" data-widget_type=\"divider.default\">\n\t\t\t\t<div class=\"elementor-widget-container\">\n\t\t\t\t\t\t\t<div class=\"elementor-divider\">\n\t\t\t<span class=\"elementor-divider-separator\">\n\t\t\t\t\t\t<\/span>\n\t\t<\/div>\n\t\t\t\t\t\t<\/div>\n\t\t\t\t<\/div>\n\t\t\t\t\t<\/div>\n\t\t<\/div>\n\t\t\t\t\t<\/div>\n\t\t<\/section>\n\t\t\t\t<section class=\"elementor-section elementor-top-section elementor-element elementor-element-91223d4 elementor-section-full_width elementor-section-stretched elementor-section-height-default elementor-section-height-default\" data-id=\"91223d4\" data-element_type=\"section\" data-settings=\"{&quot;stretch_section&quot;:&quot;section-stretched&quot;}\">\n\t\t\t\t\t\t<div class=\"elementor-container elementor-column-gap-default\">\n\t\t\t\t\t<div class=\"elementor-column elementor-col-100 elementor-top-column elementor-element elementor-element-1c10639\" data-id=\"1c10639\" data-element_type=\"column\">\n\t\t\t<div class=\"elementor-widget-wrap elementor-element-populated\">\n\t\t\t\t\t\t<div class=\"elementor-element elementor-element-d36d461 elementor-widget elementor-widget-google_maps\" data-id=\"d36d461\" data-element_type=\"widget\" data-widget_type=\"google_maps.default\">\n\t\t\t\t<div class=\"elementor-widget-container\">\n\t\t\t\t\t\t\t<div class=\"elementor-custom-embed\">\n\t\t\t<iframe loading=\"lazy\"\n\t\t\t\t\tsrc=\"https:\/\/maps.google.com\/maps?q=Can%C3%B3nigo%20Torres%201.%20Torrevieja&#038;t=m&#038;z=17&#038;output=embed&#038;iwloc=near\"\n\t\t\t\t\ttitle=\"Can\u00f3nigo Torres 1. Torrevieja\"\n\t\t\t\t\taria-label=\"Can\u00f3nigo Torres 1. Torrevieja\"\n\t\t\t><\/iframe>\n\t\t<\/div>\n\t\t\t\t\t\t<\/div>\n\t\t\t\t<\/div>\n\t\t\t\t\t<\/div>\n\t\t<\/div>\n\t\t\t\t\t<\/div>\n\t\t<\/section>\n\t\t\t\t<\/div>","protected":false},"excerpt":{"rendered":"<p>CONTACTA CONTCO FINCAS Estamos ubicados en pleno n\u00facleo financiero de Torrevieja Nuestra oficina Torrevieja Direcci\u00f3n: Calle Can\u00f3nigo Torres 1 Bajo.03181. Torrevieja (Alicante). Tel\u00e9fono: +34 618 778 301 Email: hola@tcofincas.com \u00bfC\u00f3mo llegar? Nos ponemos en contacto contigo sin compromiso \u00bfQuieres que te llamemos? TCO Fincas te llama\u200b Rellena el formulario y nos pondremos en contacto contigo [&hellip;]<\/p>","protected":false},"author":1,"featured_media":0,"parent":0,"menu_order":0,"comment_status":"closed","ping_status":"closed","template":"","meta":{"site-sidebar-layout":"no-sidebar","site-content-layout":"page-builder","ast-site-content-layout":"","site-content-style":"default","site-sidebar-style":"default","ast-global-header-display":"","ast-banner-title-visibility":"","ast-main-header-display":"","ast-hfb-above-header-display":"","ast-hfb-below-header-display":"","ast-hfb-mobile-header-display":"","site-post-title":"","ast-breadcrumbs-content":"","ast-featured-img":"","footer-sml-layout":"","theme-transparent-header-meta":"disabled","adv-header-id-meta":"","stick-header-meta":"","header-above-stick-meta":"","header-main-stick-meta":"","header-below-stick-meta":"","astra-migrate-meta-layouts":"default","ast-page-background-enabled":"default","ast-page-background-meta":{"desktop":{"background-color":"var(--ast-global-color-4)","background-image":"","background-repeat":"repeat","background-position":"center center","background-size":"auto","background-attachment":"scroll","background-type":"","background-media":"","overlay-type":"","overlay-color":"","overlay-gradient":""},"tablet":{"background-color":"","background-image":"","background-repeat":"repeat","background-position":"center center","background-size":"auto","background-attachment":"scroll","background-type":"","background-media":"","overlay-type":"","overlay-color":"","overlay-gradient":""},"mobile":{"background-color":"","background-image":"","background-repeat":"repeat","background-position":"center center","background-size":"auto","background-attachment":"scroll","background-type":"","background-media":"","overlay-type":"","overlay-color":"","overlay-gradient":""}},"ast-content-background-meta":{"desktop":{"background-color":"var(--ast-global-color-5)","background-image":"","background-repeat":"repeat","background-position":"center center","background-size":"auto","background-attachment":"scroll","background-type":"","background-media":"","overlay-type":"","overlay-color":"","overlay-gradient":""},"tablet":{"background-color":"var(--ast-global-color-5)","background-image":"","background-repeat":"repeat","background-position":"center center","background-size":"auto","background-attachment":"scroll","background-type":"","background-media":"","overlay-type":"","overlay-color":"","overlay-gradient":""},"mobile":{"background-color":"var(--ast-global-color-5)","background-image":"","background-repeat":"repeat","background-position":"center center","background-size":"auto","background-attachment":"scroll","background-type":"","background-media":"","overlay-type":"","overlay-color":"","overlay-gradient":""}},"footnotes":""},"class_list":["post-310","page","type-page","status-publish","hentry"],"_links":{"self":[{"href":"https:\/\/www.tcofincas.com\/fr\/wp-json\/wp\/v2\/pages\/310","targetHints":{"allow":["GET"]}}],"collection":[{"href":"https:\/\/www.tcofincas.com\/fr\/wp-json\/wp\/v2\/pages"}],"about":[{"href":"https:\/\/www.tcofincas.com\/fr\/wp-json\/wp\/v2\/types\/page"}],"author":[{"embeddable":true,"href":"https:\/\/www.tcofincas.com\/fr\/wp-json\/wp\/v2\/users\/1"}],"replies":[{"embeddable":true,"href":"https:\/\/www.tcofincas.com\/fr\/wp-json\/wp\/v2\/comments?post=310"}],"version-history":[{"count":29,"href":"https:\/\/www.tcofincas.com\/fr\/wp-json\/wp\/v2\/pages\/310\/revisions"}],"predecessor-version":[{"id":695,"href":"https:\/\/www.tcofincas.com\/fr\/wp-json\/wp\/v2\/pages\/310\/revisions\/695"}],"wp:attachment":[{"href":"https:\/\/www.tcofincas.com\/fr\/wp-json\/wp\/v2\/media?parent=310"}],"curies":[{"name":"wp","href":"https:\/\/api.w.org\/{rel}","templated":true}]}}