{"id":1127,"date":"2025-12-15T12:18:23","date_gmt":"2025-12-15T11:18:23","guid":{"rendered":"https:\/\/www.tcofincas.com\/?page_id=1127"},"modified":"2025-12-16T12:58:54","modified_gmt":"2025-12-16T11:58:54","slug":"seguros-de-comunidad-de-propietarios-alicante","status":"publish","type":"page","link":"https:\/\/www.tcofincas.com\/sv\/agarnas-forsakringsgemenskap-alicante\/","title":{"rendered":"F\u00f6rs\u00e4kringsbolag i Alicante | TCO Administraci\u00f3n de fincas"},"content":{"rendered":"<h1>F\u00f6rs\u00e4kring f\u00f6r bostadsr\u00e4ttsf\u00f6reningar i Alicante<\/h1>\n<p>Bostadsr\u00e4ttsf\u00f6reningar, liksom alla kollektiva enheter, \u00e4r utsatta f\u00f6r of\u00f6rutsedda h\u00e4ndelser som \u00e4r lika vanliga som kostsamma: ett trasigt stupr\u00f6r, en brand i garaget, l\u00e4ckage i taket eller ett fall i entr\u00e9n. Inf\u00f6r denna verklighet \u00e4r bostadsr\u00e4ttsf\u00f6reningens f\u00f6rs\u00e4kring inte l\u00e4ngre ett alternativ utan en oumb\u00e4rlig sk\u00f6ld. I en stad som Alicante, d\u00e4r det milda klimatet inte utesluter strukturella risker eller slumpm\u00e4ssiga olyckor, kan r\u00e4tt f\u00f6rs\u00e4kring g\u00f6ra skillnaden mellan en snabb l\u00f6sning och en l\u00e5ngvarig grannskapskonflikt.<\/p>\n<p>Ut\u00f6ver den lagstadgade skyldigheten - som g\u00e4ller i m\u00e5nga sj\u00e4lvstyrande regioner - inneb\u00e4r tecknandet av en adekvat f\u00f6rs\u00e4kring inte bara att byggnadens fysiska tillg\u00e5ngar skyddas, utan ocks\u00e5 att \u00e4garnas sinnesfrid tryggas. Specifik t\u00e4ckning, 24 timmars assistans och teknisk r\u00e5dgivning blir tysta allierade i h\u00e4ndelse av of\u00f6rutsedda h\u00e4ndelser.<\/p>\n<h2>Vad omfattar f\u00f6rs\u00e4kringen f\u00f6r bostadsr\u00e4ttsf\u00f6reningar?<\/h2>\n<p>Svaret beror p\u00e5 vilken typ av f\u00f6rs\u00e4kring som tecknats. Det finns basf\u00f6rs\u00e4kringar som endast t\u00e4cker brand- eller strukturskador, och andra som \u00e4r mer omfattande och inkluderar allt fr\u00e5n civilr\u00e4ttsligt ansvar till estetiska skador, vandalism eller r\u00e4ttshj\u00e4lp. Det viktiga \u00e4r att anpassa f\u00f6rs\u00e4kringen till byggnadens verkliga egenskaper: dess \u00e5lder, installationer, l\u00e4ge och typ av \u00e4gare (bostads-, turist- eller blandad).<\/p>\n<p>I Alicante, d\u00e4r m\u00e5nga fastigheter har gemensamma pooler, hissar eller garage, \u00e4r det tillr\u00e5dligt att v\u00e4lja helt\u00e4ckande f\u00f6rs\u00e4kringar som t\u00e4cker dessa delar. Om det finns inhyrd personal - d\u00f6rrvakter, tr\u00e4dg\u00e5rdsm\u00e4stare eller st\u00e4dare - \u00e4r det ocks\u00e5 viktigt att inkludera en arbets- eller yrkesolycksfallsf\u00f6rs\u00e4kring.<\/p>\n<h3>Vanliga skydd i denna typ av f\u00f6rs\u00e4kring<\/h3>\n<ul>\n<li><b>Materiella skador<\/b>genom brand, explosion, blixtnedslag, vatten, meteorologiska fenomen eller skadeg\u00f6relse.<\/li>\n<li><b>Ansvarsf\u00f6rdelning<\/b>Skada p\u00e5 gemensamma utrymmen eller d\u00e5ligt skick p\u00e5 strukturella element: mot tredje part f\u00f6r skada som orsakats i gemensamma utrymmen eller p\u00e5 grund av d\u00e5ligt skick p\u00e5 strukturella element.<\/li>\n<li><b>R\u00e4ttsligt f\u00f6rsvar<\/b>Juridisk r\u00e5dgivning och representation i samband med samh\u00e4llsrelaterade tvister.<\/li>\n<li><b>Tekniskt st\u00f6d<\/b>24-timmars r\u00e4ddningstj\u00e4nst f\u00f6r kritiska incidenter som l\u00e4ckage, elavbrott eller haverier.<\/li>\n<\/ul>\n<h2>\u00c4r det obligatoriskt att teckna en EU-f\u00f6rs\u00e4kring?<\/h2>\n<p>I Valencia finns det ingen autonom best\u00e4mmelse som f\u00f6reskriver att man ska teckna f\u00f6rs\u00e4kringar, till skillnad fr\u00e5n vad som g\u00e4ller i Madrid eller Baskien. Den horisontella egendomslagen f\u00f6reskriver dock solidariskt ansvar f\u00f6r samh\u00e4llet i h\u00e4ndelse av skada p\u00e5 tredje part, vilket g\u00f6r f\u00f6rs\u00e4kring till ett klokt, n\u00e4stan n\u00f6dv\u00e4ndigt verktyg.<\/p>\n<p>Dessutom kr\u00e4ver m\u00e5nga banker det som ett krav f\u00f6r att bevilja bol\u00e5n p\u00e5 fastigheter inom of\u00f6rs\u00e4krade fastigheter; och i vissa fall t\u00e4cker f\u00f6rs\u00e4kringsbolagen inte enskilda skador om h\u00e4ndelsen har ett samh\u00e4llsursprung och det inte finns n\u00e5gon f\u00f6rs\u00e4kring tecknad. D\u00e4rf\u00f6r \u00e4r det b\u00e4ttre att ta det s\u00e4kra f\u00f6re det os\u00e4kra, \u00e4ven om det inte \u00e4r lagstadgat.<\/p>\n<h2>F\u00f6rdelar med att teckna en kollektiv f\u00f6rs\u00e4kring med professionell r\u00e5dgivning<\/h2>\n<p>Att v\u00e4lja r\u00e4tt f\u00f6rs\u00e4kring kr\u00e4ver mer \u00e4n att bara j\u00e4mf\u00f6ra priser. En specialiserad r\u00e5dgivare analyserar de faktiska riskerna med fastigheten, identifierar de n\u00f6dv\u00e4ndiga skydden och skr\u00e4ddarsyr avtalet till de exakta behoven i varje samh\u00e4lle. P\u00e5 s\u00e5 s\u00e4tt undviker man b\u00e5de on\u00f6diga kostnads\u00f6verskridanden och farliga brister i h\u00e4ndelse av en skada.<\/p>\n<p>I Alicante, d\u00e4r de speciella f\u00f6rh\u00e5llandena i staden, n\u00e4rheten till havet och typen av fastighet kan p\u00e5verka olycksfrekvensen, g\u00f6r en lokal r\u00e5dgivare det m\u00f6jligt att g\u00f6ra ett mer exakt och effektivt urval. Dessutom \u00e4r det viktigt med st\u00f6d efter avtalets ing\u00e5ende n\u00e4r det g\u00e4ller att behandla anspr\u00e5k, f\u00f6rhandla om ers\u00e4ttning eller l\u00f6sa avvikelser med f\u00f6rs\u00e4kringsgivaren.<\/p>\n<h3>Konkreta f\u00f6rdelar med att arbeta med en expertmedlare<\/h3>\n<ul>\n<li><b>Periodisk \u00f6versyn<\/b>Avtal och t\u00e4ckning, anpassning till f\u00f6r\u00e4ndringar i samh\u00e4llet.<\/li>\n<li><b>Direkt f\u00f6rvaltning<\/b>Skadehantering med personlig uppf\u00f6ljning till dess att skadan \u00e4r l\u00f6st.<\/li>\n<li><b>Optimerade besparingar<\/b>genom att undvika dubbel t\u00e4ckning eller oanv\u00e4ndbara klausuler.<\/li>\n<li><b>Representation gentemot f\u00f6rs\u00e4kringsgivaren<\/b>: f\u00f6rsvar av samh\u00e4llets intressen.<\/li>\n<\/ul>\n<h2>Vilka misstag ska man undvika n\u00e4r man tecknar en gruppf\u00f6rs\u00e4kring?<\/h2>\n<p>Ett av de vanligaste misstagen \u00e4r att tro att alla f\u00f6rs\u00e4kringar t\u00e4cker samma sak. I vissa grundf\u00f6rs\u00e4kringar ing\u00e5r inte t.ex. f\u00f6rr\u00e5d, fasader, solpaneler eller vanliga elinstallationer, vilket kan leda till obehagliga \u00f6verraskningar vid en eventuell skadeanm\u00e4lan. Ett annat vanligt misstag \u00e4r att underf\u00f6rs\u00e4kra byggnadens v\u00e4rde, vilket proportionellt minskar den ers\u00e4ttning som erh\u00e5lls.<\/p>\n<p>Det \u00e4r ocks\u00e5 l\u00e4mpligt att undvika generiska f\u00f6rs\u00e4kringar som tecknas via internet utan personlig r\u00e5dgivning. Billiga f\u00f6rs\u00e4kringar kan bli dyra om man inte \u00e4r v\u00e4l insatt i undantag, t\u00e4ckningsgr\u00e4nser och karenstider. S\u00e4kerheten i ett samh\u00e4lle kan inte \u00f6verl\u00e5tas till slumpen eller till goodwill i en digital form.<\/p>","protected":false},"excerpt":{"rendered":"<p>Seguros para comunidades de propietarios en Alicante Las comunidades de vecinos, como cualquier entidad colectiva, est\u00e1n expuestas a imprevistos tan cotidianos como costosos: una bajante rota, un incendio en el garaje, filtraciones en la cubierta o una ca\u00edda en el portal. Frente a esta realidad, el seguro de comunidad de propietarios deja de ser una [&hellip;]<\/p>","protected":false},"author":1,"featured_media":0,"parent":0,"menu_order":0,"comment_status":"closed","ping_status":"closed","template":"","meta":{"site-sidebar-layout":"default","site-content-layout":"","ast-site-content-layout":"default","site-content-style":"default","site-sidebar-style":"default","ast-global-header-display":"","ast-banner-title-visibility":"","ast-main-header-display":"","ast-hfb-above-header-display":"","ast-hfb-below-header-display":"","ast-hfb-mobile-header-display":"","site-post-title":"","ast-breadcrumbs-content":"","ast-featured-img":"","footer-sml-layout":"","theme-transparent-header-meta":"default","adv-header-id-meta":"","stick-header-meta":"","header-above-stick-meta":"","header-main-stick-meta":"","header-below-stick-meta":"","astra-migrate-meta-layouts":"set","ast-page-background-enabled":"default","ast-page-background-meta":{"desktop":{"background-color":"var(--ast-global-color-4)","background-image":"","background-repeat":"repeat","background-position":"center center","background-size":"auto","background-attachment":"scroll","background-type":"","background-media":"","overlay-type":"","overlay-color":"","overlay-gradient":""},"tablet":{"background-color":"","background-image":"","background-repeat":"repeat","background-position":"center center","background-size":"auto","background-attachment":"scroll","background-type":"","background-media":"","overlay-type":"","overlay-color":"","overlay-gradient":""},"mobile":{"background-color":"","background-image":"","background-repeat":"repeat","background-position":"center center","background-size":"auto","background-attachment":"scroll","background-type":"","background-media":"","overlay-type":"","overlay-color":"","overlay-gradient":""}},"ast-content-background-meta":{"desktop":{"background-color":"var(--ast-global-color-5)","background-image":"","background-repeat":"repeat","background-position":"center center","background-size":"auto","background-attachment":"scroll","background-type":"","background-media":"","overlay-type":"","overlay-color":"","overlay-gradient":""},"tablet":{"background-color":"var(--ast-global-color-5)","background-image":"","background-repeat":"repeat","background-position":"center center","background-size":"auto","background-attachment":"scroll","background-type":"","background-media":"","overlay-type":"","overlay-color":"","overlay-gradient":""},"mobile":{"background-color":"var(--ast-global-color-5)","background-image":"","background-repeat":"repeat","background-position":"center center","background-size":"auto","background-attachment":"scroll","background-type":"","background-media":"","overlay-type":"","overlay-color":"","overlay-gradient":""}},"footnotes":""},"class_list":["post-1127","page","type-page","status-publish","hentry"],"_links":{"self":[{"href":"https:\/\/www.tcofincas.com\/sv\/wp-json\/wp\/v2\/pages\/1127","targetHints":{"allow":["GET"]}}],"collection":[{"href":"https:\/\/www.tcofincas.com\/sv\/wp-json\/wp\/v2\/pages"}],"about":[{"href":"https:\/\/www.tcofincas.com\/sv\/wp-json\/wp\/v2\/types\/page"}],"author":[{"embeddable":true,"href":"https:\/\/www.tcofincas.com\/sv\/wp-json\/wp\/v2\/users\/1"}],"replies":[{"embeddable":true,"href":"https:\/\/www.tcofincas.com\/sv\/wp-json\/wp\/v2\/comments?post=1127"}],"version-history":[{"count":1,"href":"https:\/\/www.tcofincas.com\/sv\/wp-json\/wp\/v2\/pages\/1127\/revisions"}],"predecessor-version":[{"id":1128,"href":"https:\/\/www.tcofincas.com\/sv\/wp-json\/wp\/v2\/pages\/1127\/revisions\/1128"}],"wp:attachment":[{"href":"https:\/\/www.tcofincas.com\/sv\/wp-json\/wp\/v2\/media?parent=1127"}],"curies":[{"name":"wp","href":"https:\/\/api.w.org\/{rel}","templated":true}]}}