{"id":20,"date":"2023-05-31T09:34:59","date_gmt":"2023-05-31T09:34:59","guid":{"rendered":"https:\/\/tcofincas.com\/?page_id=20"},"modified":"2023-06-06T06:53:01","modified_gmt":"2023-06-06T06:53:01","slug":"politica-de-cookies","status":"publish","type":"page","link":"https:\/\/www.tcofincas.com\/sv\/policy-for-cookies\/","title":{"rendered":"Policy f\u00f6r cookies"},"content":{"rendered":"<div data-elementor-type=\"wp-page\" data-elementor-id=\"20\" class=\"elementor elementor-20\" data-elementor-post-type=\"page\">\n\t\t\t\t\t\t<section class=\"elementor-section elementor-top-section elementor-element elementor-element-533ae15 elementor-section-boxed elementor-section-height-default elementor-section-height-default\" data-id=\"533ae15\" data-element_type=\"section\" data-settings=\"{&quot;background_background&quot;:&quot;classic&quot;}\">\n\t\t\t\t\t\t<div class=\"elementor-container elementor-column-gap-default\">\n\t\t\t\t\t<div class=\"elementor-column elementor-col-100 elementor-top-column elementor-element elementor-element-c499b81\" data-id=\"c499b81\" data-element_type=\"column\">\n\t\t\t<div class=\"elementor-widget-wrap\">\n\t\t\t\t\t\t\t<\/div>\n\t\t<\/div>\n\t\t\t\t\t<\/div>\n\t\t<\/section>\n\t\t\t\t<section class=\"elementor-section elementor-top-section elementor-element elementor-element-e42703b elementor-section-boxed elementor-section-height-default elementor-section-height-default\" data-id=\"e42703b\" data-element_type=\"section\">\n\t\t\t\t\t\t<div class=\"elementor-container elementor-column-gap-default\">\n\t\t\t\t\t<div class=\"elementor-column elementor-col-100 elementor-top-column elementor-element elementor-element-2389a04\" data-id=\"2389a04\" data-element_type=\"column\">\n\t\t\t<div class=\"elementor-widget-wrap elementor-element-populated\">\n\t\t\t\t\t\t<div class=\"elementor-element elementor-element-4a9f9b8 elementor-widget elementor-widget-text-editor\" data-id=\"4a9f9b8\" data-element_type=\"widget\" data-widget_type=\"text-editor.default\">\n\t\t\t\t<div class=\"elementor-widget-container\">\n\t\t\t\t\t\t\t\t\t<h2><strong>COOKIES-POLICY<\/strong><\/h2><p>V\u00e4lkommen till <strong>COOKIES-POLICY<\/strong> av enhetens webbplats <strong>TCO FASTIGHETSF\u00d6RVALTNING<\/strong>med skatteregistreringsnummer <strong>47068174P<\/strong>d\u00e4r vi p\u00e5 ett tydligt och enkelt spr\u00e5k f\u00f6rklarar alla n\u00f6dv\u00e4ndiga fr\u00e5gor s\u00e5 att du kan ha kontroll \u00f6ver dem baserat p\u00e5 dina personliga beslut.<\/p><h3><strong>VAD \u00c4R COOKIES OCH VAD ANV\u00c4NDER VI DEM TILL?<\/strong><\/h3><p>En cookie \u00e4r en liten informationsfil som lagras p\u00e5 din dator, smartphone eller surfplatta varje g\u00e5ng du bes\u00f6ker v\u00e5r webbplats.<\/p><p>I princip \u00e4r en cookie ofarlig: den inneh\u00e5ller inga virus, trojaner, maskar etc. som kan skada din terminal, men den har en viss inverkan p\u00e5 din r\u00e4tt till skydd av dina personuppgifter, eftersom den samlar in viss information om dig (surfvanor, identitet, preferenser etc.).<\/p><p>Det \u00e4r d\u00e4rf\u00f6r, baserat p\u00e5 best\u00e4mmelserna i till\u00e4mpliga f\u00f6rordningar (LSSI och nuvarande lagstiftning om skydd av personuppgifter), aktiveringen av vissa typer av cookies kr\u00e4ver ditt f\u00f6rhandsgodk\u00e4nnande.<\/p><p>Innan vi g\u00f6r det kommer vi att ge dig lite ytterligare information som hj\u00e4lper dig att fatta ett b\u00e4ttre beslut:<\/p><ol><li>Cookies kan vara av olika slag beroende p\u00e5 deras syfte:<\/li><\/ol><ul><li>Tekniska cookies \u00e4r n\u00f6dv\u00e4ndiga f\u00f6r att v\u00e5r webbplats ska fungera, de kr\u00e4ver inte ditt tillst\u00e5nd och \u00e4r de enda som vi har aktiverade som standard.<\/li><li>\u00d6vriga cookies anv\u00e4nds f\u00f6r att f\u00f6rb\u00e4ttra v\u00e5r webbplats, f\u00f6r att anpassa den efter dina preferenser eller f\u00f6r att kunna visa dig reklam som \u00e4r anpassad efter dina s\u00f6kningar, din smak och dina personliga intressen. Du kan acceptera alla dessa cookies genom att klicka p\u00e5 knappen <strong>ACCEPTERA<\/strong> eller konfigurera dem eller v\u00e4gra att anv\u00e4nda dem genom att klicka p\u00e5 avsnittet <strong>COOKIE-INST\u00c4LLNINGAR<\/strong>.<\/li><\/ul><ol start=\"2\"><li>Vissa cookies \u00e4r v\u00e5ra egna (vi kommer att kalla dem <strong>egna kakor<\/strong>) och andra tillh\u00f6r externa f\u00f6retag som tillhandah\u00e5ller tj\u00e4nster f\u00f6r v\u00e5r webbplats (vi kallar dem <strong>cookies fr\u00e5n tredje part<\/strong>(ett exempel kan vara cookies fr\u00e5n externa leverant\u00f6rer som Google). I detta avseende \u00e4r det viktigt f\u00f6r dig att veta att vissa av dessa externa leverant\u00f6rer kan vara bel\u00e4gna utanf\u00f6r Spanien.<\/li><\/ol><p>Globalt sett har inte alla l\u00e4nder samma niv\u00e5 av dataskydd, och vissa l\u00e4nder \u00e4r s\u00e4krare \u00e4n andra (till exempel \u00e4r Europeiska unionen en s\u00e4ker milj\u00f6 f\u00f6r dina uppgifter). V\u00e5r policy \u00e4r att anv\u00e4nda p\u00e5litliga leverant\u00f6rer som, oavsett om de \u00e4r bel\u00e4gna i Europeiska unionen eller inte, har antagit l\u00e4mpliga skydds\u00e5tg\u00e4rder f\u00f6r att skydda dina personuppgifter. I avsnittet med rubriken <strong>VILKEN TYP AV COOKIES ANV\u00c4NDS F\u00d6R N\u00c4RVARANDE P\u00c5 V\u00c5R WEBBPLATS?<\/strong>Om du vill fatta ett v\u00e4lgrundat beslut om huruvida du vill aktivera dataskydds- och integritetspolicyerna f\u00f6r var och en av dessa externa leverant\u00f6rer kan du l\u00e4sa de olika integritets- och dataskyddspolicyerna f\u00f6r var och en av dem f\u00f6r att fatta ett v\u00e4lgrundat beslut om huruvida du vill aktivera dataskydds- och integritetspolicyerna f\u00f6r var och en av dem. <strong>cookies fr\u00e5n tredje part<\/strong> med hj\u00e4lp av v\u00e5r webbplats.<\/p><ol start=\"3\"><li>Slutligen vill vi p\u00e5peka att cookies, beroende p\u00e5 hur l\u00e4nge de \u00e4r aktiva, kan vara av tv\u00e5 typer:<\/li><\/ol><ul><li><strong>Sessionskakor:<\/strong> upph\u00f6r automatiskt n\u00e4r du loggar ut fr\u00e5n din dator, smartphone eller surfplatta. De anv\u00e4nds ofta f\u00f6r att lagra n\u00f6dv\u00e4ndig information medan en tj\u00e4nst tillhandah\u00e5lls till dig p\u00e5 eng\u00e5ngsbasis.<\/li><li><strong>Best\u00e4ndiga cookies: <\/strong>lagras p\u00e5 din dator, smartphone eller surfplatta under en viss tidsperiod, som kan variera fr\u00e5n n\u00e5gra minuter till flera \u00e5r.<\/li><\/ul><h3><strong>VILKEN TYP AV COOKIES KAN VI ANV\u00c4NDA P\u00c5 V\u00c5R WEBBPLATS?<\/strong><\/h3><p><strong>Tekniska cookies:<\/strong><\/p><p>Tekniska cookies \u00e4r absolut n\u00f6dv\u00e4ndiga f\u00f6r att v\u00e5r webbplats ska fungera och f\u00f6r att du ska kunna surfa p\u00e5 den. Denna typ av cookies \u00e4r de som till exempel g\u00f6r det m\u00f6jligt f\u00f6r oss att identifiera dig, ge dig tillg\u00e5ng till vissa begr\u00e4nsade delar av sidan vid behov, eller komma ih\u00e5g olika alternativ eller tj\u00e4nster som du redan har valt, till exempel dina sekretesspreferenser. Av denna anledning, <strong>\u00e4r aktiverade som standard och ditt godk\u00e4nnande kr\u00e4vs inte.<\/strong>.<\/p><p>Genom dina webbl\u00e4sarinst\u00e4llningar kan du blockera eller varna dig f\u00f6r f\u00f6rekomsten av denna typ av cookies, \u00e4ven om en s\u00e5dan blockering kommer att p\u00e5verka korrekt funktion av de olika funktionerna p\u00e5 v\u00e5r webbplats.<\/p><p><strong>Cookies f\u00f6r analys:<\/strong><\/p><p>Med hj\u00e4lp av analytiska cookies kan vi studera anv\u00e4ndarnas surfande p\u00e5 v\u00e5r webbplats i allm\u00e4nhet (t.ex. vilka delar av webbplatsen som \u00e4r mest bes\u00f6kta, vilka tj\u00e4nster som anv\u00e4nds mest och om de fungerar korrekt etc.).<\/p><p>Baserat p\u00e5 statistisk information om surfning p\u00e5 v\u00e5r webbplats kan vi f\u00f6rb\u00e4ttra b\u00e5de driften av sj\u00e4lva webbplatsen och de olika tj\u00e4nster som den erbjuder. D\u00e4rf\u00f6r anv\u00e4nds dessa cookies <strong>inte \u00e4r avsedda f\u00f6r reklam\u00e4ndam\u00e5l<\/strong>De tj\u00e4nar endast till att f\u00e5 v\u00e5r webbplats att fungera b\u00e4ttre och anpassa den till v\u00e5ra anv\u00e4ndare i allm\u00e4nhet. Genom att aktivera dem bidrar du till denna kontinuerliga f\u00f6rb\u00e4ttring.<\/p><p><strong>Du kan aktivera eller inaktivera dessa cookies genom att kryssa i l\u00e4mplig ruta.<\/strong>Standardinst\u00e4llningen \u00e4r att de \u00e4r avaktiverade som standard.<\/p><p><strong>Cookies f\u00f6r funktionalitet och personalisering:<\/strong><\/p><p>Med hj\u00e4lp av funktionella cookies kan vi komma ih\u00e5g dina preferenser, anpassa vissa funktioner och allm\u00e4nna alternativ p\u00e5 v\u00e5r webbplats varje g\u00e5ng du bes\u00f6ker den (t.ex. det spr\u00e5k p\u00e5 vilket informationen presenteras f\u00f6r dig, de avsnitt som markerats som favoriter, din typ av webbl\u00e4sare etc.).<\/p><p>D\u00e4rf\u00f6r \u00e4r denna typ av cookies <strong>inte \u00e4r avsedda f\u00f6r reklam\u00e4ndam\u00e5l<\/strong>Genom att aktivera dem f\u00f6rb\u00e4ttrar du webbplatsens funktionalitet (t.ex. genom att anpassa den till din webbl\u00e4sartyp) och anpassningen av webbplatsen efter dina \u00f6nskem\u00e5l (t.ex. genom att presentera informationen p\u00e5 det spr\u00e5k du tidigare har valt), vilket bidrar till att v\u00e5r webbplats blir enklare, mer anv\u00e4ndbar och bekv\u00e4mare n\u00e4r du surfar p\u00e5 den.<\/p><p><strong>Du kan aktivera eller inaktivera dessa cookies genom att kryssa i l\u00e4mplig ruta.<\/strong>Standardinst\u00e4llningen \u00e4r att de \u00e4r avaktiverade som standard.<\/p><p><strong>Cookies f\u00f6r annonsering:<\/strong><\/p><p>Med hj\u00e4lp av annonscookies kan vi hantera de annonsutrymmen som finns p\u00e5 v\u00e5r webbplats utifr\u00e5n kriterier som det inneh\u00e5ll som visas eller hur ofta annonserna visas.<\/p><p>Om du t.ex. har f\u00e5tt se samma annons flera g\u00e5nger p\u00e5 v\u00e5r webbplats och inte har visat n\u00e5got personligt intresse genom att klicka p\u00e5 den, kommer den inte att visas igen. Kort sagt, genom att aktivera denna typ av cookie kommer den reklam som visas p\u00e5 v\u00e5r webbplats att vara mer anv\u00e4ndbar och varierad, och mindre repetitiv.<\/p><p><strong>Du kan aktivera eller inaktivera dessa cookies genom att kryssa i l\u00e4mplig ruta.<\/strong>Standardinst\u00e4llningen \u00e4r att de \u00e4r avaktiverade som standard.<\/p><p><strong>Cookies f\u00f6r beteendestyrd annonsering:<\/strong><\/p><p>Med hj\u00e4lp av cookies f\u00f6r beteendestyrd reklam kan vi f\u00e5 information som bygger p\u00e5 dina surfvanor och ditt beteende p\u00e5 webbplatsen, s\u00e5 att vi kan visa dig reklam som \u00e4r b\u00e4ttre anpassad till din personliga smak och dina intressen.<\/p><p>F\u00f6r att g\u00f6ra det l\u00e4ttare f\u00f6r dig att f\u00f6rst\u00e5 ger vi dig ett fiktivt exempel: om dina senaste s\u00f6kningar p\u00e5 webben var relaterade till thrillerlitteratur, skulle vi visa dig annonser om thrillerb\u00f6cker.<\/p><p>Genom att aktivera denna typ av cookies kommer den reklam som vi visar dig p\u00e5 v\u00e5r webbplats d\u00e4rf\u00f6r inte att vara generisk, utan kommer att riktas till dina s\u00f6kningar, smaker och intressen, och kommer d\u00e4rf\u00f6r att anpassas exklusivt till dig.<\/p><p><strong>Du kan aktivera eller inaktivera dessa cookies genom att kryssa i l\u00e4mplig ruta.<\/strong>Standardinst\u00e4llningen \u00e4r att de \u00e4r avaktiverade som standard.<\/p><h3><strong>VAD KAN MAN G\u00d6RA MED KAKOR?<\/strong><\/h3><p>N\u00e4r du bes\u00f6ker v\u00e5r webbplats f\u00f6r f\u00f6rsta g\u00e5ngen visas ett f\u00f6nster d\u00e4r vi informerar dig om att cookies kan vara av olika slag:<\/p><ul><li>Tekniska cookies \u00e4r n\u00f6dv\u00e4ndiga f\u00f6r att v\u00e5r webbplats ska fungera, de kr\u00e4ver inte ditt tillst\u00e5nd och \u00e4r de enda som vi har aktiverade som standard.<\/li><li>\u00d6vriga cookies anv\u00e4nds f\u00f6r att f\u00f6rb\u00e4ttra v\u00e5r webbplats, f\u00f6r att anpassa den efter dina preferenser eller f\u00f6r att kunna visa dig reklam som \u00e4r anpassad efter dina s\u00f6kningar, din smak och dina personliga intressen. Du kan acceptera alla dessa cookies genom att klicka p\u00e5 knappen <strong>ACCEPTERA<\/strong> eller konfigurera dem eller v\u00e4gra att anv\u00e4nda dem genom att klicka p\u00e5 avsnittet <strong>COOKIE-INST\u00c4LLNINGAR<\/strong>.<\/li><\/ul><p>Observera ocks\u00e5 att n\u00e4r du har aktiverat n\u00e5gon typ av cookies har du m\u00f6jlighet att avaktivera dem n\u00e4r du vill, genom att helt enkelt avmarkera motsvarande ruta i avsnittet <strong>COOKIE-INST\u00c4LLNINGAR <\/strong>p\u00e5 v\u00e5r webbplats. Det kommer alltid att vara lika enkelt f\u00f6r dig att aktivera v\u00e5ra egna cookies som det \u00e4r att avaktivera dem.<\/p><p>Vi vill ocks\u00e5 p\u00e5minna dig om att du genom dina webbl\u00e4sarinst\u00e4llningar kan blockera eller varna dig f\u00f6r f\u00f6rekomsten av cookies, \u00e4ven om denna blockering kan p\u00e5verka korrekt funktion av de olika funktionerna p\u00e5 v\u00e5r webbplats n\u00e4r det g\u00e4ller n\u00f6dv\u00e4ndiga tekniska cookies.<\/p><p>Observera slutligen att om du aktiverar <strong>cookies fr\u00e5n tredje part<\/strong> (externa f\u00f6retag som tillhandah\u00e5ller tj\u00e4nster f\u00f6r v\u00e5r webbplats) och du d\u00e4refter vill avaktivera dem, kan du g\u00f6ra det p\u00e5 tv\u00e5 s\u00e4tt: genom att anv\u00e4nda din webbl\u00e4sares verktyg f\u00f6r avaktivering av cookies eller via de system som inr\u00e4ttats av dessa externa leverant\u00f6rer.<\/p><p>F\u00f6r att g\u00f6ra det enklare f\u00f6r dig finns h\u00e4r en rad l\u00e4nkar till riktlinjer f\u00f6r att inaktivera cookies i vanliga webbl\u00e4sare:<\/p><ul><li><a href=\"https:\/\/support.google.com\/accounts\/answer\/61416?co=GENIE.Platform%3DDesktop&amp;hl=es\">Google Chrome<\/a>.<\/li><li><a href=\"https:\/\/support.mozilla.org\/es\/kb\/Borrar%20cookies\">Mozilla Firefox<\/a>.<\/li><li><a href=\"https:\/\/support.microsoft.com\/es-es\/help\/278835\/how-to-delete-cookie-files-in-internet-explorer\">Internet Explorer<\/a>.<\/li><li><a href=\"https:\/\/support.apple.com\/es-es\/guide\/safari\/sfri11471\/mac\">Safari<\/a>.<\/li><li><a href=\"https:\/\/support.apple.com\/es-es\/HT201265\">Safari f\u00f6r iOS (iPhone och iPad)<\/a>.<\/li><li><a href=\"https:\/\/support.google.com\/accounts\/answer\/61416?co=GENIE.Platform%3DAndroid&amp;hl=es&amp;oco=1\">Google Chrome f\u00f6r Android<\/a>.<\/li><li><a href=\"https:\/\/support.google.com\/accounts\/answer\/61416?co=GENIE.Platform%3DiOS&amp;hl=es&amp;oco=1\">Google Chrome f\u00f6r iPhone och iPad<\/a>.<\/li><\/ul>\t\t\t\t\t\t\t\t<\/div>\n\t\t\t\t<\/div>\n\t\t\t\t\t<\/div>\n\t\t<\/div>\n\t\t\t\t\t<\/div>\n\t\t<\/section>\n\t\t\t\t<\/div>","protected":false},"excerpt":{"rendered":"<p>COOKIES POLICY V\u00e4lkommen till COOKIES POLICY p\u00e5 webbplatsen f\u00f6r enheten TCO ADMINISTRACI\u00d3N DE FINCAS, innehavare av skatteregistreringsnummer 47068174P, d\u00e4r vi p\u00e5 ett tydligt och enkelt spr\u00e5k kommer att f\u00f6rklara alla n\u00f6dv\u00e4ndiga fr\u00e5gor s\u00e5 att du kan ha kontroll \u00f6ver dem baserat p\u00e5 dina personliga beslut. VAD \u00c4R COOKIES [...]].<\/p>","protected":false},"author":1,"featured_media":0,"parent":0,"menu_order":0,"comment_status":"closed","ping_status":"closed","template":"","meta":{"site-sidebar-layout":"no-sidebar","site-content-layout":"page-builder","ast-site-content-layout":"","site-content-style":"default","site-sidebar-style":"default","ast-global-header-display":"","ast-banner-title-visibility":"","ast-main-header-display":"","ast-hfb-above-header-display":"","ast-hfb-below-header-display":"","ast-hfb-mobile-header-display":"","site-post-title":"disabled","ast-breadcrumbs-content":"","ast-featured-img":"disabled","footer-sml-layout":"","theme-transparent-header-meta":"default","adv-header-id-meta":"","stick-header-meta":"","header-above-stick-meta":"","header-main-stick-meta":"","header-below-stick-meta":"","astra-migrate-meta-layouts":"default","ast-page-background-enabled":"default","ast-page-background-meta":{"desktop":{"background-color":"var(--ast-global-color-4)","background-image":"","background-repeat":"repeat","background-position":"center center","background-size":"auto","background-attachment":"scroll","background-type":"","background-media":"","overlay-type":"","overlay-color":"","overlay-gradient":""},"tablet":{"background-color":"","background-image":"","background-repeat":"repeat","background-position":"center center","background-size":"auto","background-attachment":"scroll","background-type":"","background-media":"","overlay-type":"","overlay-color":"","overlay-gradient":""},"mobile":{"background-color":"","background-image":"","background-repeat":"repeat","background-position":"center center","background-size":"auto","background-attachment":"scroll","background-type":"","background-media":"","overlay-type":"","overlay-color":"","overlay-gradient":""}},"ast-content-background-meta":{"desktop":{"background-color":"var(--ast-global-color-5)","background-image":"","background-repeat":"repeat","background-position":"center center","background-size":"auto","background-attachment":"scroll","background-type":"","background-media":"","overlay-type":"","overlay-color":"","overlay-gradient":""},"tablet":{"background-color":"var(--ast-global-color-5)","background-image":"","background-repeat":"repeat","background-position":"center center","background-size":"auto","background-attachment":"scroll","background-type":"","background-media":"","overlay-type":"","overlay-color":"","overlay-gradient":""},"mobile":{"background-color":"var(--ast-global-color-5)","background-image":"","background-repeat":"repeat","background-position":"center center","background-size":"auto","background-attachment":"scroll","background-type":"","background-media":"","overlay-type":"","overlay-color":"","overlay-gradient":""}},"footnotes":""},"class_list":["post-20","page","type-page","status-publish","hentry"],"_links":{"self":[{"href":"https:\/\/www.tcofincas.com\/sv\/wp-json\/wp\/v2\/pages\/20","targetHints":{"allow":["GET"]}}],"collection":[{"href":"https:\/\/www.tcofincas.com\/sv\/wp-json\/wp\/v2\/pages"}],"about":[{"href":"https:\/\/www.tcofincas.com\/sv\/wp-json\/wp\/v2\/types\/page"}],"author":[{"embeddable":true,"href":"https:\/\/www.tcofincas.com\/sv\/wp-json\/wp\/v2\/users\/1"}],"replies":[{"embeddable":true,"href":"https:\/\/www.tcofincas.com\/sv\/wp-json\/wp\/v2\/comments?post=20"}],"version-history":[{"count":11,"href":"https:\/\/www.tcofincas.com\/sv\/wp-json\/wp\/v2\/pages\/20\/revisions"}],"predecessor-version":[{"id":649,"href":"https:\/\/www.tcofincas.com\/sv\/wp-json\/wp\/v2\/pages\/20\/revisions\/649"}],"wp:attachment":[{"href":"https:\/\/www.tcofincas.com\/sv\/wp-json\/wp\/v2\/media?parent=20"}],"curies":[{"name":"wp","href":"https:\/\/api.w.org\/{rel}","templated":true}]}}