{"id":3,"date":"2023-05-31T09:28:03","date_gmt":"2023-05-31T09:28:03","guid":{"rendered":"https:\/\/tcofincas.com\/?page_id=3"},"modified":"2023-06-06T06:56:18","modified_gmt":"2023-06-06T06:56:18","slug":"politica-privacidad","status":"publish","type":"page","link":"https:\/\/www.tcofincas.com\/sv\/policy-for-skydd-av-privatlivet\/","title":{"rendered":"Integritetspolicy"},"content":{"rendered":"<div data-elementor-type=\"wp-page\" data-elementor-id=\"3\" class=\"elementor elementor-3\" data-elementor-post-type=\"page\">\n\t\t\t\t\t\t<section class=\"elementor-section elementor-top-section elementor-element elementor-element-03d9773 elementor-section-boxed elementor-section-height-default elementor-section-height-default\" data-id=\"03d9773\" data-element_type=\"section\" data-settings=\"{&quot;background_background&quot;:&quot;classic&quot;}\">\n\t\t\t\t\t\t<div class=\"elementor-container elementor-column-gap-default\">\n\t\t\t\t\t<div class=\"elementor-column elementor-col-100 elementor-top-column elementor-element elementor-element-fd468ba\" data-id=\"fd468ba\" data-element_type=\"column\">\n\t\t\t<div class=\"elementor-widget-wrap\">\n\t\t\t\t\t\t\t<\/div>\n\t\t<\/div>\n\t\t\t\t\t<\/div>\n\t\t<\/section>\n\t\t\t\t<section class=\"elementor-section elementor-top-section elementor-element elementor-element-71aeb7cd elementor-section-boxed elementor-section-height-default elementor-section-height-default\" data-id=\"71aeb7cd\" data-element_type=\"section\">\n\t\t\t\t\t\t<div class=\"elementor-container elementor-column-gap-default\">\n\t\t\t\t\t<div class=\"elementor-column elementor-col-100 elementor-top-column elementor-element elementor-element-13e0fbf0\" data-id=\"13e0fbf0\" data-element_type=\"column\">\n\t\t\t<div class=\"elementor-widget-wrap elementor-element-populated\">\n\t\t\t\t\t\t<div class=\"elementor-element elementor-element-409e6373 elementor-widget elementor-widget-text-editor\" data-id=\"409e6373\" data-element_type=\"widget\" data-widget_type=\"text-editor.default\">\n\t\t\t\t<div class=\"elementor-widget-container\">\n\t\t\t\t\t\t\t\t\t<h2 style=\"text-align: center;\">Information i enlighet med best\u00e4mmelser om skydd av personuppgifter<\/h2>\n<p>I Europa och Spanien finns det dataskyddsbest\u00e4mmelser som \u00e4r utformade f\u00f6r att skydda dina personuppgifter och som \u00e4r bindande f\u00f6r oss. D\u00e4rf\u00f6r \u00e4r det mycket viktigt f\u00f6r oss att du fullt ut f\u00f6rst\u00e5r vad vi kommer att g\u00f6ra med de personuppgifter vi ber dig om. P\u00e5 s\u00e5 s\u00e4tt kommer vi att vara transparenta och ge dig kontroll \u00f6ver dina uppgifter, med enkelt spr\u00e5k och tydliga val som g\u00f6r att du kan best\u00e4mma vad vi ska g\u00f6ra med dina personuppgifter. Tveka inte att kontakta oss om du har n\u00e5gra fr\u00e5gor efter att ha l\u00e4st denna information. Tack f\u00f6r ditt samarbete.<\/p>\n<h3><strong>\u00bf<\/strong><strong>Vilka \u00e4r vi?<\/strong><\/h3>\n<ul>\n<li>V\u00e5rt samfund:\u00a0<strong>TCO FASTIGHETSF\u00d6RVALTNING<\/strong><\/li>\n<li>V\u00e5r CIF\/NIF:\u00a0<strong>47068174P<\/strong><\/li>\n<li>V\u00e5r k\u00e4rnverksamhet:<strong> FASTIGHETSF\u00d6RVALTNING<\/strong><\/li>\n<li>V\u00e5r adress:\u00a0<strong>CALLE CAN\u00d3NIGO TORRES 1 BAJO, CP 03181, Torrevieja (Alicante)<\/strong><\/li>\n<li>Telefonnummer till v\u00e5r kontaktperson: <b>618 778 301<\/b><\/li>\n<li>E-postadress till v\u00e5r kontaktperson: <b>HOLA@TCOFINCAS.COM<\/b><\/li>\n<li>V\u00e5r webbplats:\u00a0<strong>TCOFINCAS.COM<\/strong><\/li>\n<li>V\u00e5r huvudsakliga verksamhet omfattas av ett system med administrativa f\u00f6rhandstillst\u00e5nd. F\u00f6r ditt f\u00f6rtroende och din s\u00e4kerhet ger vi dig information om detta tillst\u00e5nd och identifieringsuppgifter f\u00f6r det beh\u00f6riga tillsynsorganet:<\/li>\n<\/ul>\n<p>Vi st\u00e5r till ditt f\u00f6rfogande, tveka inte att kontakta oss.<\/p>\n<h3><strong>Vad ska vi anv\u00e4nda dina uppgifter till?<\/strong><\/h3>\n<p>I allm\u00e4nhet kommer dina personuppgifter att anv\u00e4ndas f\u00f6r att interagera med dig och f\u00f6r att tillhandah\u00e5lla dig v\u00e5ra tj\u00e4nster. De kan ocks\u00e5 anv\u00e4ndas f\u00f6r andra \u00e4ndam\u00e5l, t.ex. f\u00f6r att skicka reklam till dig eller f\u00f6r att marknadsf\u00f6ra v\u00e5r verksamhet.<\/p>\n<h3><strong>Varf\u00f6r beh\u00f6ver vi anv\u00e4nda dina uppgifter?<\/strong><\/h3>\n<p>Dina personuppgifter \u00e4r n\u00f6dv\u00e4ndiga f\u00f6r att vi ska kunna interagera med dig och tillhandah\u00e5lla dig v\u00e5ra tj\u00e4nster. I detta avseende kommer vi att f\u00f6rse dig med ett antal kryssrutor som g\u00f6r att du kan fatta ett tydligt och enkelt beslut om anv\u00e4ndningen av din personliga information.<\/p>\n<h3><strong>Vem kommer att k\u00e4nna till den information vi ber om?<\/strong><\/h3>\n<p>I allm\u00e4nhet kommer endast vederb\u00f6rligen bemyndigad personal i v\u00e5r organisation att ha tillg\u00e5ng till den information vi beg\u00e4r fr\u00e5n dig. P\u00e5 samma s\u00e4tt kan de enheter som beh\u00f6ver ha tillg\u00e5ng till dina personuppgifter f\u00f6r att vi ska kunna tillhandah\u00e5lla dig v\u00e5ra tj\u00e4nster ocks\u00e5 ha tillg\u00e5ng till dina personuppgifter. Till exempel kommer v\u00e5r bank att k\u00e4nna till dina uppgifter om betalning f\u00f6r v\u00e5ra tj\u00e4nster g\u00f6rs med kreditkort eller bank\u00f6verf\u00f6ring. P\u00e5 samma s\u00e4tt kommer de offentliga eller privata enheter till vilka vi \u00e4r skyldiga att tillhandah\u00e5lla dina personuppgifter f\u00f6r att f\u00f6lja n\u00e5gon lag att vara medvetna om din information. F\u00f6r att ge dig ett exempel \u00e4r vi enligt skattelagen skyldiga att f\u00f6rse skattemyndigheten med viss information om ekonomiska transaktioner som \u00f6verstiger ett visst belopp. Om vi, ut\u00f6ver de ovan n\u00e4mnda fallen, beh\u00f6ver l\u00e4mna ut dina personuppgifter till andra enheter, kommer vi att beg\u00e4ra ditt f\u00f6rhandstillst\u00e5nd genom tydliga alternativ som g\u00f6r att du kan fatta beslut i detta avseende.<\/p>\n<h3><strong>Hur kommer vi att skydda dina uppgifter?<\/strong><\/h3>\n<p>Vi kommer att skydda dina uppgifter med effektiva s\u00e4kerhets\u00e5tg\u00e4rder i enlighet med de risker som \u00e4r f\u00f6rknippade med anv\u00e4ndningen av dina uppgifter. F\u00f6r detta \u00e4ndam\u00e5l har vi antagit en dataskyddspolicy och \u00e5rliga kontroller och revisioner genomf\u00f6rs f\u00f6r att s\u00e4kerst\u00e4lla att dina personuppgifter alltid \u00e4r s\u00e4kra.<\/p>\n<h3><strong>Kommer vi att skicka dina uppgifter till andra l\u00e4nder?<\/strong><\/h3>\n<p>Det finns l\u00e4nder i v\u00e4rlden som \u00e4r s\u00e4kra f\u00f6r dina uppgifter och andra som inte \u00e4r s\u00e5 s\u00e4kra. Europeiska unionen \u00e4r till exempel en s\u00e4ker milj\u00f6 f\u00f6r dina uppgifter. V\u00e5r policy \u00e4r att inte skicka dina personuppgifter till n\u00e5got land som inte \u00e4r s\u00e4kert ur dataskyddssynpunkt. I h\u00e4ndelse av att det, f\u00f6r att tillhandah\u00e5lla dig tj\u00e4nsten, \u00e4r n\u00f6dv\u00e4ndigt att skicka dina uppgifter till ett land som inte \u00e4r lika s\u00e4kert som Spanien, kommer vi alltid att beg\u00e4ra ditt f\u00f6rhandstillst\u00e5nd och vi kommer att till\u00e4mpa effektiva s\u00e4kerhets\u00e5tg\u00e4rder f\u00f6r att minska riskerna med att skicka dina personuppgifter till ett annat land.<\/p>\n<h3><strong>Hur l\u00e4nge sparar vi dina uppgifter?<\/strong><\/h3>\n<p>Vi beh\u00e5ller dina uppgifter s\u00e5 l\u00e4nge v\u00e5r relation varar och s\u00e5 l\u00e4nge vi \u00e4r skyldiga att g\u00f6ra det enligt lag. I slutet av de till\u00e4mpliga r\u00e4ttsliga perioderna kommer vi att kassera dem p\u00e5 ett s\u00e4kert och milj\u00f6v\u00e4nligt s\u00e4tt.<\/p>\n<h3><strong>Vilka r\u00e4ttigheter har du n\u00e4r det g\u00e4ller dataskydd?<\/strong><\/h3>\n<p>Du kan n\u00e4r som helst kontakta oss f\u00f6r att ta reda p\u00e5 vilken information vi har om dig, r\u00e4tta till den om den \u00e4r felaktig och radera den efter att v\u00e5r relation har avslutats, om detta \u00e4r juridiskt m\u00f6jligt. Du har ocks\u00e5 r\u00e4tt att beg\u00e4ra att dina uppgifter \u00f6verf\u00f6rs till en annan enhet. Denna r\u00e4ttighet kallas \"portabilitet\" och kan vara anv\u00e4ndbar i vissa situationer. F\u00f6r att beg\u00e4ra n\u00e5gon av dessa r\u00e4ttigheter m\u00e5ste du g\u00f6ra en skriftlig beg\u00e4ran till oss, tillsammans med en fotokopia av ditt ID-kort, s\u00e5 att vi kan identifiera dig. Vi har s\u00e4rskilda formul\u00e4r tillg\u00e4ngliga p\u00e5 v\u00e5ra kontor f\u00f6r att beg\u00e4ra dessa r\u00e4ttigheter och vi erbjuder dig v\u00e5r hj\u00e4lp med att fylla i dem. Om du vill veta mer om dina dataskyddsr\u00e4ttigheter kan du bes\u00f6ka webbplatsen f\u00f6r den spanska dataskyddsmyndigheten (<a href=\"http:\/\/www.agpd.es\/\">www.agpd.es<\/a>).<\/p>\n<h3><strong>Kan du \u00e5terkalla ditt samtycke om du \u00e5ngrar dig i ett senare skede?<\/strong><\/h3>\n<p>Du kan n\u00e4r som helst \u00e5terkalla ditt samtycke om du \u00e4ndrar dig ang\u00e5ende anv\u00e4ndningen av dina uppgifter. Om du t.ex. en g\u00e5ng var intresserad av att f\u00e5 reklam f\u00f6r v\u00e5ra produkter eller tj\u00e4nster, men inte l\u00e4ngre vill f\u00e5 reklam, kan du meddela oss detta genom att fylla i det inv\u00e4ndningsformul\u00e4r som finns p\u00e5 v\u00e5ra kontor.<\/p>\n<h3><strong>Om du anser att dina r\u00e4ttigheter har \u00e5sidosatts, var kan du l\u00e4mna in ett klagom\u00e5l?<\/strong><\/h3>\n<p>Om du anser att dina r\u00e4ttigheter har \u00e5sidosatts av v\u00e5r enhet kan du l\u00e4mna in ett klagom\u00e5l till den spanska dataskyddsmyndigheten p\u00e5 n\u00e5got av f\u00f6ljande s\u00e4tt:<\/p>\n<ul>\n<li>Elektroniskt huvudkontor: www.agpd.es<\/li>\n<li>Postadress:<\/li>\n<\/ul>\n<p>Agencia Espa\u00f1ola de Protecci\u00f3n de Datos C\/ Jorge Juan, 6 28001-Madrid<\/p>\n<ul>\n<li>Via telefon:<\/li>\n<\/ul>\n<p>Tel. 901 100 099 Tel. 91 266 35 17 Att l\u00e4mna in ett klagom\u00e5l till den spanska dataskyddsmyndigheten medf\u00f6r inga kostnader och det \u00e4r inte n\u00f6dv\u00e4ndigt att ta hj\u00e4lp av en advokat eller jurist.<\/p>\n<h3><strong>Kommer vi att profilera dig?<\/strong><\/h3>\n<p>Det \u00e4r v\u00e5r policy att inte profilera anv\u00e4ndare av v\u00e5ra tj\u00e4nster. Det kan dock finnas situationer d\u00e4r vi, f\u00f6r tj\u00e4nsteleverans, marknadsf\u00f6ring eller andra \u00e4ndam\u00e5l, beh\u00f6ver profilera information om dig. Ett exempel kan vara anv\u00e4ndning av din k\u00f6p- eller servicehistorik f\u00f6r att vi ska kunna erbjuda dig produkter eller tj\u00e4nster som \u00e4r skr\u00e4ddarsydda efter din smak eller dina behov. I s\u00e5dana fall kommer vi att genomf\u00f6ra effektiva s\u00e4kerhets\u00e5tg\u00e4rder f\u00f6r att alltid skydda din information fr\u00e5n obeh\u00f6riga personer som f\u00f6rs\u00f6ker anv\u00e4nda den f\u00f6r egen vinning.<\/p>\n<h3><strong>Kommer vi att anv\u00e4nda dina uppgifter f\u00f6r andra \u00e4ndam\u00e5l?<\/strong><\/h3>\n<p>V\u00e5r policy \u00e4r att inte anv\u00e4nda dina uppgifter f\u00f6r andra \u00e4ndam\u00e5l \u00e4n de som vi har f\u00f6rklarat f\u00f6r dig. Om vi \u00e4nd\u00e5 beh\u00f6ver anv\u00e4nda dina uppgifter f\u00f6r andra aktiviteter kommer vi alltid att be om ditt tillst\u00e5nd i f\u00f6rv\u00e4g genom att ge dig tydliga alternativ s\u00e5 att du kan fatta ett beslut.<\/p>\t\t\t\t\t\t\t\t<\/div>\n\t\t\t\t<\/div>\n\t\t\t\t\t<\/div>\n\t\t<\/div>\n\t\t\t\t\t<\/div>\n\t\t<\/section>\n\t\t\t\t<\/div>","protected":false},"excerpt":{"rendered":"<p>Information i enlighet med best\u00e4mmelser om skydd av personuppgifter I Europa och Spanien finns det best\u00e4mmelser om skydd av personuppgifter som \u00e4r avsedda att skydda dina personuppgifter och som \u00e4r obligatoriska f\u00f6r v\u00e5rt f\u00f6retag. D\u00e4rf\u00f6r \u00e4r det mycket viktigt f\u00f6r oss att du f\u00f6rst\u00e5r vad vi kommer att g\u00f6ra med de personuppgifter som vi ber dig om. [...]<\/p>","protected":false},"author":1,"featured_media":0,"parent":0,"menu_order":0,"comment_status":"closed","ping_status":"closed","template":"","meta":{"site-sidebar-layout":"no-sidebar","site-content-layout":"page-builder","ast-site-content-layout":"","site-content-style":"default","site-sidebar-style":"default","ast-global-header-display":"","ast-banner-title-visibility":"","ast-main-header-display":"","ast-hfb-above-header-display":"","ast-hfb-below-header-display":"","ast-hfb-mobile-header-display":"","site-post-title":"","ast-breadcrumbs-content":"","ast-featured-img":"","footer-sml-layout":"","theme-transparent-header-meta":"default","adv-header-id-meta":"","stick-header-meta":"","header-above-stick-meta":"","header-main-stick-meta":"","header-below-stick-meta":"","astra-migrate-meta-layouts":"default","ast-page-background-enabled":"default","ast-page-background-meta":{"desktop":{"background-color":"var(--ast-global-color-4)","background-image":"","background-repeat":"repeat","background-position":"center center","background-size":"auto","background-attachment":"scroll","background-type":"","background-media":"","overlay-type":"","overlay-color":"","overlay-gradient":""},"tablet":{"background-color":"","background-image":"","background-repeat":"repeat","background-position":"center center","background-size":"auto","background-attachment":"scroll","background-type":"","background-media":"","overlay-type":"","overlay-color":"","overlay-gradient":""},"mobile":{"background-color":"","background-image":"","background-repeat":"repeat","background-position":"center center","background-size":"auto","background-attachment":"scroll","background-type":"","background-media":"","overlay-type":"","overlay-color":"","overlay-gradient":""}},"ast-content-background-meta":{"desktop":{"background-color":"var(--ast-global-color-5)","background-image":"","background-repeat":"repeat","background-position":"center center","background-size":"auto","background-attachment":"scroll","background-type":"","background-media":"","overlay-type":"","overlay-color":"","overlay-gradient":""},"tablet":{"background-color":"var(--ast-global-color-5)","background-image":"","background-repeat":"repeat","background-position":"center center","background-size":"auto","background-attachment":"scroll","background-type":"","background-media":"","overlay-type":"","overlay-color":"","overlay-gradient":""},"mobile":{"background-color":"var(--ast-global-color-5)","background-image":"","background-repeat":"repeat","background-position":"center center","background-size":"auto","background-attachment":"scroll","background-type":"","background-media":"","overlay-type":"","overlay-color":"","overlay-gradient":""}},"footnotes":""},"class_list":["post-3","page","type-page","status-publish","hentry"],"_links":{"self":[{"href":"https:\/\/www.tcofincas.com\/sv\/wp-json\/wp\/v2\/pages\/3","targetHints":{"allow":["GET"]}}],"collection":[{"href":"https:\/\/www.tcofincas.com\/sv\/wp-json\/wp\/v2\/pages"}],"about":[{"href":"https:\/\/www.tcofincas.com\/sv\/wp-json\/wp\/v2\/types\/page"}],"author":[{"embeddable":true,"href":"https:\/\/www.tcofincas.com\/sv\/wp-json\/wp\/v2\/users\/1"}],"replies":[{"embeddable":true,"href":"https:\/\/www.tcofincas.com\/sv\/wp-json\/wp\/v2\/comments?post=3"}],"version-history":[{"count":8,"href":"https:\/\/www.tcofincas.com\/sv\/wp-json\/wp\/v2\/pages\/3\/revisions"}],"predecessor-version":[{"id":657,"href":"https:\/\/www.tcofincas.com\/sv\/wp-json\/wp\/v2\/pages\/3\/revisions\/657"}],"wp:attachment":[{"href":"https:\/\/www.tcofincas.com\/sv\/wp-json\/wp\/v2\/media?parent=3"}],"curies":[{"name":"wp","href":"https:\/\/api.w.org\/{rel}","templated":true}]}}